{"id":17413,"date":"2022-06-07T13:52:18","date_gmt":"2022-06-07T11:52:18","guid":{"rendered":"https:\/\/smile.hr\/2022\/cijene-stomatoloskih-usluga\/"},"modified":"2023-01-26T16:48:57","modified_gmt":"2023-01-26T15:48:57","slug":"cenik-zobozdravstvenih-storitev","status":"publish","type":"page","link":"https:\/\/smile.hr\/sl\/cenik-zobozdravstvenih-storitev\/","title":{"rendered":"Cene zobozdravstvenih storitev"},"content":{"rendered":"\n<p>Cene zobozdravstvenih storitev smo oblikovali tako, da vam zagotavljajo najbolj\u0161e razmerje med investicijo in dobi\u010dkom. Spodaj si lahko ogledate cenik zobozdravstvenih storitev, razdeljen na glavna podro\u010dja, da boste la\u017eje na\u0161li to\u010dne cene zobozdravstvenih storitev, ki jih potrebujete.<\/p>\n\n\n\n<p>Spodaj navedeni cenik zobozdravstvenih storitev vsebuje le del na\u0161ih storitev. \u010ce ne najdete cene zobozdravstvenih storitev, ki jih potrebujete, nas kontaktirajte in posredovali vam bomo potrebne informacije, lahko pa vam tudi izdelamo personalizirano ponudbo.<\/p>\n\n\n\n<h2 class=\"wp-block-heading\" id=\"implantati\">ZOBNI IMPLANTATI STRAUMANN<\/h2>\n\n\n\n<p>Zobni implantati so optimalna metoda za nadome\u0161\u010danje zob in so lahko do\u017eivljenjska re\u0161itev. V Polikliniki Smile za implantate Straumann dobite vse certifikate in garancije. <a href=\"https:\/\/smile.hr\/sl\/zobni-vsadki\/\">Izvedite ve\u010d<\/a>.<\/p>\n\n\n\n<figure class=\"wp-block-table\"><table><tbody><tr><td>Implantolo\u0161ki komplet (CT, analiza CoDiagnostix, tretma z ozonom, PRP tretma, implantat Straumann-Neodent, nadgradnja, cirkonska krona)<\/td><td><strong>od 1.133 \u20ac<\/strong><\/td><\/tr><tr><td>Implantat Straumann-Neodent<\/td><td><strong>od 599 \u20ac<\/strong><\/td><\/tr><tr><td>Nadgradnja<\/td><td><strong>od 178 \u20ac<\/strong><\/td><\/tr><tr><td>Cirkonska krona na implantatu<\/td><td><strong>od 250 \u20ac<\/strong><\/td><\/tr><\/tbody><\/table><\/figure>\n\n\n\n<h2 class=\"wp-block-heading\" id=\"ALL-ON-4\">ALL ON 4 STRAUMANN PRO ARCH<\/h2>\n\n\n\n<p>Novi zobje v samo 24 urah! All on 4 je implantolo\u0161ka metoda, s katero lahko nadomestimo vse zobe v \u010deljusti s pomo\u010djo fiksnega mosti\u010dka, pritrjenega na 4 zobne vsadke. <a href=\"https:\/\/smile.hr\/sl\/zobni-vsadki-all-on-4-straumann-pro-arch-tretmaji\/\">Izvedite ve\u010d<\/a>.<\/p>\n\n\n\n<figure class=\"wp-block-table\"><table><tbody><tr><td>4x implantat Straumann\/Neodent + regeneracija kosti in izravnava&nbsp;+ za\u010dasna fiksna protetika + dokon\u010dni cirkonijev most<\/td><td><strong>od 6.921 \u20ac<\/strong><\/td><\/tr><tr><td>4x implantat Straumann\/Neodent + regeneracija kosti in izravnava + za\u010dasna fiksna protetika + dokon\u010dni mosti\u010dek iz akrilata<\/td><td><strong>od 5.000 \u20ac<\/strong><\/td><\/tr><tr><td>Regeneracija kostnih defektov z avtologno kostjo (na polo\u017eaj)<\/td><td><strong>od 172 \u20ac<\/strong><\/td><\/tr><tr><td>Sinus lift (majhen)<\/td><td><strong>od 208 \u20ac<\/strong><\/td><\/tr><tr><td>Sinus lift (velik)<\/td><td><strong>od 730 \u20ac<\/strong><\/td><\/tr><\/tbody><\/table><\/figure>\n\n\n\n<div style=\"height:50px\" aria-hidden=\"true\" class=\"wp-block-spacer\"><\/div>\n\n\n\t\t<div data-elementor-type=\"section\" data-elementor-id=\"14234\" class=\"elementor elementor-14234 elementor-6284\" data-elementor-post-type=\"elementor_library\">\n\t\t\t\t\t<section class=\"elementor-section elementor-top-section elementor-element elementor-element-6ff42762 elementor-hidden-mobile elementor-section-boxed elementor-section-height-default elementor-section-height-default\" data-id=\"6ff42762\" data-element_type=\"section\" data-e-type=\"section\" data-settings=\"{&quot;background_background&quot;:&quot;classic&quot;,&quot;animation&quot;:&quot;none&quot;}\">\n\t\t\t\t\t\t<div class=\"elementor-container elementor-column-gap-default\">\n\t\t\t\t\t<div class=\"elementor-column elementor-col-100 elementor-top-column elementor-element elementor-element-43e1f53d\" data-id=\"43e1f53d\" data-element_type=\"column\" data-e-type=\"column\" data-settings=\"{&quot;background_background&quot;:&quot;classic&quot;}\">\n\t\t\t<div class=\"elementor-widget-wrap elementor-element-populated\">\n\t\t\t\t\t<div class=\"elementor-background-overlay\"><\/div>\n\t\t\t\t\t\t<div class=\"elementor-element elementor-element-1b95a38b elementor-widget elementor-widget-heading\" data-id=\"1b95a38b\" data-element_type=\"widget\" data-e-type=\"widget\" data-widget_type=\"heading.default\">\n\t\t\t\t<div class=\"elementor-widget-container\">\n\t\t\t\t\t<p class=\"elementor-heading-title elementor-size-default\">BREZPLA\u010cEN PREGLED<\/p>\t\t\t\t<\/div>\n\t\t\t\t<\/div>\n\t\t\t\t<div class=\"elementor-element elementor-element-38e50d10 elementor-widget elementor-widget-text-editor\" data-id=\"38e50d10\" data-element_type=\"widget\" data-e-type=\"widget\" data-widget_type=\"text-editor.default\">\n\t\t\t\t<div class=\"elementor-widget-container\">\n\t\t\t\t\t\t\t\t\t<p>Vsak dan premikamo meje, da svojim pacientom zagotovimo le najbolj\u0161e. Prvi brezpla\u010dni pregled obsega specialisti\u010dni pregled, 2D rentgen obeh \u010deljusti, svetovanje in izdelavo zajam\u010dene ponudbe.<\/p>\n\t\t\t\t\t\t\t\t<\/div>\n\t\t\t\t<\/div>\n\t\t\t\t<div class=\"elementor-element elementor-element-db7f2c1 elementor-widget elementor-widget-global elementor-global-14241 elementor-global-5237 elementor-widget-button\" data-id=\"db7f2c1\" data-element_type=\"widget\" data-e-type=\"widget\" data-widget_type=\"button.default\">\n\t\t\t\t<div class=\"elementor-widget-container\">\n\t\t\t\t\t\t\t\t\t<div class=\"elementor-button-wrapper\">\n\t\t\t\t\t<a class=\"elementor-button elementor-button-link elementor-size-sm\" href=\"https:\/\/smile.hr\/sl\/kontakt\/\">\n\t\t\t\t\t\t<span class=\"elementor-button-content-wrapper\">\n\t\t\t\t\t\t\t\t\t<span class=\"elementor-button-text\">\u017delim brezpla\u010den pregled<\/span>\n\t\t\t\t\t<\/span>\n\t\t\t\t\t<\/a>\n\t\t\t\t<\/div>\n\t\t\t\t\t\t\t\t<\/div>\n\t\t\t\t<\/div>\n\t\t\t\t\t<\/div>\n\t\t<\/div>\n\t\t\t\t\t<\/div>\n\t\t<\/section>\n\t\t\t\t<\/div>\n\t\t\n\n\n\n<h6 class=\"wp-block-heading\" id=\"oralna\">ORALNA KIRURGIJA<\/h6>\n\n\n\n<p>Poliklinika Smile ima v svojem timu dva specialista oralne kirurgije. Oralni kirur\u0161ki posegi vklju\u010dujejo \u0161tevilne posege na zobeh, \u010deljusti in dlesnih. <a href=\"https:\/\/smile.hr\/sl\/oralna-kirurgija\/\">Izvedite ve\u010d<\/a>.<\/p>\n\n\n\n<figure class=\"wp-block-table\"><table><tbody><tr><td>Ekstrakcija zoba<\/td><td><strong>od 26 \u20ac<\/strong><\/td><\/tr><tr><td>Operativna ekstrakcija zoba (impaktiran zob)<\/td><td><strong>od 130 \u20ac<\/strong><\/td><\/tr><tr><td>Apikotomija<\/td><td><strong>od 70 \u20ac<\/strong><\/td><\/tr><tr><td>Apikotomija ko\u010dnikov<\/td><td><strong>od 106 \u20ac<\/strong><\/td><\/tr><tr><td>Cistektomija<\/td><td><strong>od 64 \u20ac<\/strong><\/td><\/tr><tr><td>Blok kosti mandibula\/maxilla<\/td><td><strong>od 598 \u20ac<\/strong><\/td><\/tr><\/tbody><\/table><\/figure>\n\n\n\n<p><\/p>\n\n\n\n<h6 class=\"wp-block-heading\" id=\"zubne-krunice\">ZOBNE KRONE<\/h6>\n\n\n\n<p>Sodoben digitalni laboratorij v sklopu na\u0161e poliklinike nam omogo\u010da izdelavo zobnih kron v rekordnem \u010dasu, z izjemno natan\u010dnostjo in kakovostjo izdelave. <a href=\"https:\/\/smile.hr\/sl\/cirkonske-zobne-krone\/\">Izvedite ve\u010d<\/a>.<\/p>\n\n\n\n<figure class=\"wp-block-table\"><table><tbody><tr><td>Za\u010dasna krona CAD\/CAM<\/td><td><strong>od 29 \u20ac<\/strong><\/td><\/tr><tr><td>Za\u010dasna krona CAD\/CAM na implantatu<\/td><td><strong>od 56 \u20ac<\/strong><\/td><\/tr><tr><td>Kerami\u010dna krona (kovina brez niklja)<\/td><td><strong>od 214 \u20ac<\/strong><\/td><\/tr><tr><td>Kerami\u010dna krona (cirkonijev oksid)<\/td><td><strong>od 238 \u20ac<\/strong><\/td><\/tr><tr><td>Kerami\u010dna krona (cirkonijev oksid) na implantatu<\/td><td><strong>od 250 \u20ac<\/strong><\/td><\/tr><\/tbody><\/table><\/figure>\n\n\n\n<p><\/p>\n\n\n\n<h6 class=\"wp-block-heading\" id=\"proteze\">PROTEZE<\/h6>\n\n\n\n<p>Zobne proteze na\u0161a ekipa zobotehnikov izdeluje v sodobnem digitalnem laboratoriju. <a href=\"https:\/\/smile.hr\/sl\/zobne-proteze\/\">Izvedite ve\u010d<\/a>.<\/p>\n\n\n\n<figure class=\"wp-block-table\"><table><tbody><tr><td>Za\u010dasna proteza<\/td><td><strong>od 208 \u20ac<\/strong><\/td><\/tr><tr><td>Delna za\u010dasna proteza<\/td><td><strong>od 94 \u20ac<\/strong><\/td><\/tr><tr><td>Popolna dokon\u010dna proteza (akrilat)<\/td><td><strong>od 358 \u20ac<\/strong><\/td><\/tr><tr><td>Skeletna proteza wironit<\/td><td><strong>od 412 \u20ac<\/strong><\/td><\/tr><\/tbody><\/table><\/figure>\n\n\n\n<p><\/p>\n\n\n\n<h6 class=\"wp-block-heading\" id=\"ortodoncija\">ORTODONTIJA<\/h6>\n\n\n\n<p>S pomo\u010djo prosojnega, skoraj nevidnega alignerja lahko dose\u017eete pravilen nasmeh, ki ste si ga vedno \u017eeleli. <a href=\"https:\/\/smile.hr\/sl\/ortodontija-nevidni-zobni-aparat-aligner\/\">Izvedite ve\u010d<\/a>.<\/p>\n\n\n\n<h3 class=\"wp-block-heading\">Invisalign<\/h3>\n\n\n\n<figure class=\"wp-block-table\"><table><tbody><tr><td>i7 (Express)<\/td><td><strong>od 538 \u20ac<\/strong><\/td><\/tr><tr><td>Lite<\/td><td><strong>od 1.018 \u20ac<\/strong><\/td><\/tr><tr><td>Full<\/td><td><strong>od 2.476 \u20ac<\/strong><\/td><\/tr><tr><td>Postopek diagnostike<\/td><td><strong>od 328 \u20ac<\/strong><\/td><\/tr><\/tbody><\/table><\/figure>\n\n\n\n<p><\/p>\n\n\n\n<p><\/p>\n\n\n\n<h3 class=\"wp-block-heading\">ClearCorrect<\/h3>\n\n\n\n<figure class=\"wp-block-table\"><table><tbody><tr><td>ClearCorrect<\/td><td><strong>od 2.218 \u20ac<\/strong><\/td><\/tr><tr><td>Postopek diagnostike<\/td><td><strong>GRATIS<\/strong><\/td><\/tr><\/tbody><\/table><\/figure>\n\n\n\n<p><\/p>\n\n\n\n<h6 class=\"wp-block-heading\" id=\"paradontologija\">PARODONTOLOGIJA<\/h6>\n\n\n\n<p>Zdravi zobje zahtevajo zdrave dlesni.<\/p>\n\n\n\n<figure class=\"wp-block-table\"><table><tbody><tr><td>Kireta\u017ea na zob<\/td><td><strong>od 7<\/strong> <strong>\u20ac<\/strong><\/td><\/tr><tr><td>Kireta\u017ea po kvadrantu<\/td><td><strong>od 32<\/strong> <strong>\u20ac<\/strong><\/td><\/tr><tr><td>Pokrivanje recesije<\/td><td><strong>od 226<\/strong> <strong>\u20ac<\/strong><\/td><\/tr><\/tbody><\/table><\/figure>\n\n\n\n<div style=\"height:50px\" aria-hidden=\"true\" class=\"wp-block-spacer\"><\/div>\n\n\n\t\t<div data-elementor-type=\"section\" data-elementor-id=\"17424\" class=\"elementor elementor-17424 elementor-9410\" data-elementor-post-type=\"elementor_library\">\n\t\t\t\t\t<section class=\"elementor-section elementor-top-section elementor-element elementor-element-75e1fbc9 elementor-hidden-mobile elementor-section-boxed elementor-section-height-default elementor-section-height-default\" data-id=\"75e1fbc9\" data-element_type=\"section\" data-e-type=\"section\" data-settings=\"{&quot;background_background&quot;:&quot;classic&quot;}\">\n\t\t\t\t\t\t<div class=\"elementor-container elementor-column-gap-wider\">\n\t\t\t\t\t<div class=\"elementor-column elementor-col-50 elementor-top-column elementor-element elementor-element-7b8f7862\" data-id=\"7b8f7862\" data-element_type=\"column\" data-e-type=\"column\">\n\t\t\t<div class=\"elementor-widget-wrap elementor-element-populated\">\n\t\t\t\t\t\t<div class=\"elementor-element elementor-element-397f66d2 elementor-widget elementor-widget-image\" data-id=\"397f66d2\" data-element_type=\"widget\" data-e-type=\"widget\" data-widget_type=\"image.default\">\n\t\t\t\t<div class=\"elementor-widget-container\">\n\t\t\t\t\t\t\t\t\t\t\t\t\t\t\t<img fetchpriority=\"high\" decoding=\"async\" width=\"300\" height=\"300\" src=\"https:\/\/smile.hr\/2022\/wp-content\/uploads\/online-konzultacije-dr-darko-slovsa.jpg\" class=\" attachment-large size-large wp-image-13396\" alt=\"\" srcset=\"https:\/\/smile.hr\/2022\/wp-content\/uploads\/online-konzultacije-dr-darko-slovsa.jpg 300w, https:\/\/smile.hr\/2022\/wp-content\/uploads\/online-konzultacije-dr-darko-slovsa-150x150.jpg 150w\" sizes=\"(max-width: 300px) 100vw, 300px\" \/>\t\t\t\t\t\t\t\t\t\t\t\t\t\t\t<\/div>\n\t\t\t\t<\/div>\n\t\t\t\t\t<\/div>\n\t\t<\/div>\n\t\t\t\t<div class=\"elementor-column elementor-col-50 elementor-top-column elementor-element elementor-element-3f5f4de5\" data-id=\"3f5f4de5\" data-element_type=\"column\" data-e-type=\"column\">\n\t\t\t<div class=\"elementor-widget-wrap elementor-element-populated\">\n\t\t\t\t\t\t<div class=\"elementor-element elementor-element-5f15dea8 elementor-widget elementor-widget-heading\" data-id=\"5f15dea8\" data-element_type=\"widget\" data-e-type=\"widget\" data-widget_type=\"heading.default\">\n\t\t\t\t<div class=\"elementor-widget-container\">\n\t\t\t\t\t<h2 class=\"elementor-heading-title elementor-size-default\"><strong>SPLETNO<\/strong> posvetovanje<\/h2>\t\t\t\t<\/div>\n\t\t\t\t<\/div>\n\t\t\t\t<div class=\"elementor-element elementor-element-6e7abb26 elementor-widget elementor-widget-text-editor\" data-id=\"6e7abb26\" data-element_type=\"widget\" data-e-type=\"widget\" data-widget_type=\"text-editor.default\">\n\t\t\t\t<div class=\"elementor-widget-container\">\n\t\t\t\t\t\t\t\t\t<p>\u010ce nas ne morete obiskati v Opatiji ali \u017eelite individualni razgovor z dr. Slov\u0161o, si rezervirajte termin za spletni posvet. Dobili boste konkretne informacije in odgovore na vsa va\u0161a vpra\u0161anja in morebitne skrbi.<\/p>\n\t\t\t\t\t\t\t\t<\/div>\n\t\t\t\t<\/div>\n\t\t\t\t<div class=\"elementor-element elementor-element-44daf6c0 elementor-align-left elementor-mobile-align-left elementor-widget elementor-widget-button\" data-id=\"44daf6c0\" data-element_type=\"widget\" data-e-type=\"widget\" data-widget_type=\"button.default\">\n\t\t\t\t<div class=\"elementor-widget-container\">\n\t\t\t\t\t\t\t\t\t<div class=\"elementor-button-wrapper\">\n\t\t\t\t\t<a class=\"elementor-button elementor-button-link elementor-size-sm\" href=\"https:\/\/calendly.com\/smile_clinic\/privatna-online-video-konzultacija-sa-dr-slovsom\" target=\"_blank\" rel=\"noopener\">\n\t\t\t\t\t\t<span class=\"elementor-button-content-wrapper\">\n\t\t\t\t\t\t<span class=\"elementor-button-icon\">\n\t\t\t\t<i aria-hidden=\"true\" class=\"fas fa-laptop\"><\/i>\t\t\t<\/span>\n\t\t\t\t\t\t\t\t\t<span class=\"elementor-button-text\">REZERVIRAJTE SPLETNA SVETOVANJA<\/span>\n\t\t\t\t\t<\/span>\n\t\t\t\t\t<\/a>\n\t\t\t\t<\/div>\n\t\t\t\t\t\t\t\t<\/div>\n\t\t\t\t<\/div>\n\t\t\t\t\t<\/div>\n\t\t<\/div>\n\t\t\t\t\t<\/div>\n\t\t<\/section>\n\t\t\t\t<\/div>\n\t\t\n\n\n\n<h6 class=\"wp-block-heading\" id=\"estetska\">ESTETSKO ZOBOZDRAVSTVO<\/h6>\n\n\n\n<p>Podarite si \u010dudovit sijo\u010d nasmeh, ki si ga zaslu\u017eite.<\/p>\n\n\n\n<figure class=\"wp-block-table\"><table><tbody><tr><td>Beljenje z laserjem na \u010deljust<\/td><td><strong>od 106 \u20ac<\/strong><\/td><\/tr><tr><td>\u010ci\u0161\u010denje zobnega kamna<\/td><td><strong>od 30 \u20ac<\/strong><\/td><\/tr><tr><td>\u010ci\u0161\u010denje kamna in peskanje<\/td><td><strong>od 47 \u20ac<\/strong><\/td><\/tr><tr><td>Poliranje zob<\/td><td><strong>od 13 \u20ac<\/strong><\/td><\/tr><tr><td>Aplikacija zobnega nakita<\/td><td><strong>od 21 \u20ac<\/strong><\/td><\/tr><tr><td>Porcelanaste luske za zobe (veneers)<\/td><td><strong>od 244 \u20ac<\/strong><\/td><\/tr><tr><td>Gingivektomija na zob<\/td><td><strong>od 15 \u20ac<\/strong><\/td><\/tr><\/tbody><\/table><\/figure>\n\n\n\n<p><\/p>\n\n\n\n<h6 class=\"wp-block-heading\" id=\"estetika-lica\">ESTETIKA OBRAZA<\/h6>\n\n\n\n<p>Odstranite znake staranja in utrujenosti, podarite si novo sve\u017eino.<\/p>\n\n\n\n<figure class=\"wp-block-table\"><table><tbody><tr><td>Filer Teosyal<\/td><td><strong>od 166 \u20ac<\/strong><\/td><\/tr><tr><td>Botox Vistabel<\/td><td><strong>od 160 \u20ac<\/strong><\/td><\/tr><tr><td>Mezoterapija LPCGF<\/td><td><strong>od 100 \u20ac<\/strong><\/td><\/tr><\/tbody><\/table><\/figure>\n\n\n\n<h6 class=\"wp-block-heading\" id=\"dijagnostika\">DIAGNOSTIKA<\/h6>\n\n\n\n<p>Poliklinika Smile ima najkakovostnej\u0161e aparate za podrobno in natan\u010dno diagnostiko.<\/p>\n\n\n\n<figure class=\"wp-block-table\"><table><tbody><tr><td>Ortopan 2D<\/td><td><strong>od 22 \u20ac<\/strong><\/td><\/tr><tr><td>CT 3D<\/td><td><strong>od 106 \u20ac<\/strong><\/td><\/tr><tr><td>RVG<\/td><td><strong>od 13 \u20ac<\/strong><\/td><\/tr><tr><td>\u0160tudijski modeli<\/td><td><strong>od 49 \u20ac<\/strong><\/td><\/tr><\/tbody><\/table><\/figure>\n\n\n\n<h6 class=\"wp-block-heading\" id=\"opca\">SPLO\u0160NO ZOBOZDRAVSTVO<\/h6>\n\n\n\n<p>Ko govorimo o zdravju va\u0161ih zob, za nas neben poseg ni manj pomemben. <a href=\"https:\/\/smile.hr\/sl\/splosno-zobozdravstvo\/\">Izvedite ve\u010d<\/a>.<\/p>\n\n\n\n<figure class=\"wp-block-table\"><table><tbody><tr><td>Enostranska plomba<\/td><td><strong>od 27 \u20ac<\/strong><\/td><\/tr><tr><td>Dvostranska plomba<\/td><td><strong>od 32 \u20ac<\/strong><\/td><\/tr><tr><td>Tristranska plomba<\/td><td><strong>od 38 \u20ac<\/strong><\/td><\/tr><tr><td>Visoko estetska plomba<\/td><td><strong>od 44 \u20ac<\/strong><\/td><\/tr><tr><td>Zdravljenje zoba (endodontija)<\/td><td><strong>od 96 \u20ac<\/strong><\/td><\/tr><tr><td>Composit post nadgradnja<\/td><td><strong>od 70 \u20ac<\/strong><\/td><\/tr><\/tbody><\/table><\/figure>\n\n\n\n<p><\/p>\n\n\n\n<h6 class=\"wp-block-heading\" id=\"anestezija\">ANESTEZIJA IN SEDACIJA<\/h6>\n\n\n\n<p>Nebole\u010di zobozdravstveni posegi so v na\u0161i polikliniki absolutno pravilo in standard.<\/p>\n\n\n\n<figure class=\"wp-block-table\"><table><tbody><tr><td>Lokalna anestezija<\/td><td><strong>od 7 \u20ac<\/strong><\/td><\/tr><tr><td>Sedacija 1 ura<\/td><td><strong>od 166 \u20ac<\/strong><\/td><\/tr><tr><td>Sedacija vsaka dodatna ura<\/td><td><strong>od 82 \u20ac<\/strong><\/td><\/tr><tr><td>Storitev anesteziologa<\/td><td><strong>od 84 \u20ac<\/strong><\/td><\/tr><tr><td>Aplikacija zdravila<\/td><td><strong>od 7 \u20ac<\/strong><\/td><\/tr><\/tbody><\/table><\/figure>\n\n\n\n<p><\/p>\n\n\n\n<h6 class=\"wp-block-heading\" id=\"djecja\">PEDODONTIJA (OTRO\u0160KO ZOBOZDRAVSTVO)<\/h6>\n\n\n\n<p>S posebno pozornostjo skrbimo za zdravje zob va\u0161ih mal\u010dkov.<\/p>\n\n\n\n<figure class=\"wp-block-table\"><table><tbody><tr><td>Ekstrakcija mle\u010dnega zoba<\/td><td><strong>od 13 \u20ac<\/strong><\/td><\/tr><tr><td>Plomba na mle\u010dnem zobu<\/td><td><strong>od 15 \u20ac<\/strong><\/td><\/tr><tr><td>Tesnjenje fisur<\/td><td><strong>od 25 \u20ac<\/strong><\/td><\/tr><\/tbody><\/table><\/figure>\n\n\n\n<h6 class=\"wp-block-heading\" id=\"naciniplacanja\"><\/h6>\n","protected":false},"excerpt":{"rendered":"<p>Cene zobozdravstvenih storitev smo oblikovali tako, da vam zagotavljajo najbolj\u0161e razmerje med investicijo in dobi\u010dkom. Spodaj si lahko ogledate cenik zobozdravstvenih storitev, razdeljen na glavna podro\u010dja, da boste la\u017eje na\u0161li to\u010dne cene zobozdravstvenih storitev, ki jih potrebujete. Spodaj navedeni cenik zobozdravstvenih storitev vsebuje le del na\u0161ih storitev. \u010ce ne najdete cene zobozdravstvenih storitev, ki jih [&hellip;]<\/p>\n","protected":false},"author":1,"featured_media":0,"parent":0,"menu_order":0,"comment_status":"closed","ping_status":"closed","template":"","meta":{"_acf_changed":false,"footnotes":""},"class_list":["post-17413","page","type-page","status-publish","hentry"],"acf":[],"_links":{"self":[{"href":"https:\/\/smile.hr\/sl\/wp-json\/wp\/v2\/pages\/17413","targetHints":{"allow":["GET"]}}],"collection":[{"href":"https:\/\/smile.hr\/sl\/wp-json\/wp\/v2\/pages"}],"about":[{"href":"https:\/\/smile.hr\/sl\/wp-json\/wp\/v2\/types\/page"}],"author":[{"embeddable":true,"href":"https:\/\/smile.hr\/sl\/wp-json\/wp\/v2\/users\/1"}],"replies":[{"embeddable":true,"href":"https:\/\/smile.hr\/sl\/wp-json\/wp\/v2\/comments?post=17413"}],"version-history":[{"count":3,"href":"https:\/\/smile.hr\/sl\/wp-json\/wp\/v2\/pages\/17413\/revisions"}],"predecessor-version":[{"id":23537,"href":"https:\/\/smile.hr\/sl\/wp-json\/wp\/v2\/pages\/17413\/revisions\/23537"}],"wp:attachment":[{"href":"https:\/\/smile.hr\/sl\/wp-json\/wp\/v2\/media?parent=17413"}],"curies":[{"name":"wp","href":"https:\/\/api.w.org\/{rel}","templated":true}]}}