{"id":22137,"date":"2022-01-28T11:47:12","date_gmt":"2022-01-28T10:47:12","guid":{"rendered":"https:\/\/smile.hr\/2022\/pravila-privatnosti\/"},"modified":"2022-12-30T16:31:32","modified_gmt":"2022-12-30T15:31:32","slug":"informativa-sulla-privacy","status":"publish","type":"page","link":"https:\/\/smile.hr\/it\/informativa-sulla-privacy\/","title":{"rendered":"Informativa sulla privacy"},"content":{"rendered":"\n<p>La tutela della privacy dei nostri utenti \u00e8 molto importante.<\/p>\n\n\n\n<p>La presente Informativa sulla Privacy si applica a tutte le informazioni, compresi i dati personali, che Clinica Smile raccoglie online.<\/p>\n\n\n\n<p><strong>POLIKLINIKA SMILE d.o.o.<\/strong>&nbsp;(di seguito \u201c<em>la Societ\u00e0<\/em>\u201c) attua misure di protezione dei dati personali in conformit\u00e0 agli obblighi statutari e al nuovo&nbsp;<em>Regolamento in materia di protezione dei Dati personali<\/em>&nbsp;(GDPR).<\/p>\n\n\n\n<p>TITOLARE DEL TRATTAMENTO:&nbsp;<strong><em>POLIKLINIKA SMILE d.o.o.<\/em><\/strong>, M. Tita 129, HR-51410 Opatija<\/p>\n\n\n\n<p>Se POLIKLINIKA SMILE d.o.o. e\u2019 un contitolare del trattamento dei dati personali ai sensi dell\u2019art. 26 del Regolamento europeo in materia di protezione dei dati personali, sulla base di una partnership commerciale e \/ o basata sull\u2019uso di alcuni servizi comuni e \/ o di interessi legittimi del POLIKLINIKA Smile, ulteriori informazioni relative alla protezione e al trattamento dei Vostri dati personali, a parte (oltre) dal POLIKLINIKA SMILE, possono anche essere richieste all\u2019altro contitolare del trattamento menzionato in questa Informativa sotto il titolo della Politica sulla contitolarita\u2019 nel trattamento dei dati personali.<br>POLIKLINIKA SMILE d.o.o.. ha nominato Incaricato del trattamento dei dati personali.<\/p>\n\n\n\n<p>Per quanto riguarda tutte le questioni relative al trattamento dei dati personali dell\u2019utente e all\u2019esercizio dei diritti previsti dal Regolamento europeo in materia di protezione dei dati personali, \u00e8 possibile contattare l\u2019incaricato del trattamento dei dati personali in uno dei seguenti modi:<br>\u2013 per iscritto all\u2019indirizzo: POLIKLINIKA SMILE d.o.o., M. Tita 129, HR-51410 Opatija, consegna brevi manu all\u2019incaricato del trattamento dei dati<br>\u2013 per e-mail a:\u00a0gdpr@smile.hr<\/p>\n\n\n\n<p>Ci impegniamo a garantire un processo decisionale continuo ed efficace, e ci aspettiamo anche che i nostri dipendenti e partner commerciali lo facciano.<br>Questa politica determina il comportamento previsto della Societ\u00e0, dei suoi dipendenti permanenti, temporanei e occasionali nonch\u00e9 dei partner commerciali e di terze parti in relazione alla raccolta, uso, conservazione, trasferimento, divulgazione o cancellazione dei dati personali elaborati nei processi aziendali della Societ\u00e0.<\/p>\n\n\n\n<p>La parte integrante di questa politica \u00e8 la seguente:<\/p>\n\n\n\n<p><strong>POLITICA SULLA PROTEZIONE DEI DATI PERSONALI<\/strong>&nbsp;definisce lo scopo e le modalit\u00e0 di utilizzo dei dati personali, le categorie dei dati personali che raccogliamo, il periodo di tempo in cui li trattiamo e le modalit\u00e0 di trattamento delle informazioni in relazione al trattamento dei dati;<\/p>\n\n\n\n<p><strong>POLITICA SULLA PRIVACY ONLINE<\/strong>\u00a0definisce le modalit\u00e0 di raccolta e conservazione dei dati che raccogliamo attraverso il sito Web della Societ\u00e0;<\/p>\n\n\n\n<p><strong>POLITICA SULLA PRIVACY IN MATERIA DI OCCUPAZIONE<\/strong>\u00a0definisce come raccogliamo e utilizziamo i Vostri dati personali relativi alle attivit\u00e0 lavorative;<\/p>\n\n\n\n<p><strong>POLITICA SULLA CONTITOLARITA\u2019 NEL TRATTAMENTO DEI DATI<\/strong>\u00a0definisce i contitolari del trattamento, le loro azioni e un punto di contatto per le persone.<\/p>\n\n\n\n<p><strong>POLITICA SULLA PROTEZIONE DEI DATI PERSONALI<\/strong><br>Questa politica riguarda le pratiche sulla tutela della privacy per i clienti che si applica a tutti i contratti, servizi e siti web della Societa\u2019. La presente informativa sulla privacy \u00e8 definita per chiarire lo scopo e le modalit\u00e0 di utilizzo dei dati personali, categorie di dati personali che raccogliamo, il periodo di tempo in cui li trattiamo e per farvi conoscere tutti i modi di informarvi sul trattamento dei vostri dati.<\/p>\n\n\n\n<h3 class=\"wp-block-heading\">Dati che raccogliamo<\/h3>\n\n\n\n<p>Durante varie forme di interazione con la Societ\u00e0 (\u2018uso del sito Internet di cui la Societ\u00e0 \u00e8 un editore, invio di richieste via e-mail, per posta, partecipazione a giochi a premi e concorsi, conclusione del contratto di abbonamento, conclusione del contratto di pubblicita\u2019, dontratto di collaborazione), vengono raccolti dati personali che includono, ma non sono limitati a quanto segue:<br>\u2013 Nome e cognome<br>\u2013 Indirizzo di residenza<br>\u2013 Codice fiscale<br>\u2013 Numero di conto corrente<br>\u2013 Indirizzo email<br>\u2013 Numero di telefono<\/p>\n\n\n\n<p>Durante varie forme di interazione, la Societ\u00e0 pu\u00f2 anche raccogliere dati che non appartengono al gruppo dei dati personali, che includono, ma non sono limitati a quanto segue:<br>\u2013 Dati sul dispositivo tramite il quale ci si connette a Internet<br>\u2013 Tipo e versione del browser che si sta utilizzando<br>\u2013 Le modalit\u00e0 di utilizzo del sito Web della Societ\u00e0<\/p>\n\n\n\n<h3 class=\"wp-block-heading\">Base giuridica per il trattamento dei dati personali<\/h3>\n\n\n\n<p>Trattiamo e utilizziamo i dati personali solo per gli scopi per i quali sono stati raccolti. Il trattamento \u00e8 lecito solo se e nella misura in cui ricorre almeno una delle seguenti condizioni:<br>\u2013 Il trattamento \u00e8 necessario per adempiere agli obblighi legali della Societ\u00e0 \u2013 il che implica ma non limita il trattamento dei dati ai fini dell\u2019emissione delle fatture allo scopo di risolvere i reclami sulla base delle normative pertinenti (legge sulla tutela dei consumatori);<br>\u2013 il trattamento \u00e8 necessario all\u2019esecuzione di un contratto con l\u2019Utente e\/o all\u2019esecuzione di misure precontrattuali \u2013 ad esempio, alla conclusione di un contratto di abbonamento, nell\u2019organizzare servizi di consegna in conformit\u00e0 con un contratto concluso, per pubblicare un necrologio;<br>\u2013 il trattamento \u00e8 necessario per il perseguimento del legittimo interesse della Societa\u2019 o di terzi, a condizione che non prevalgano gli interessi o i diritti e le libert\u00e0 fondamentali dell\u2019interessato che richiedono la protezione dei dati personali \u2013 ad esempio il trattamento dei dati per scopi di marketing, quando informiamo di speciali promozioni o li invitiamo a eventi per i quali ci aspettiamo che potrebbero essere interessati;<br>\u2013 Sulla base delle informazioni sulla portata del trattamento, vi \u00e8 un esplicito consenso da parte dell\u2019utente \u2013 ad esempio il consenso di un genitore o tutore per il trattamento dei dati dei minori<\/p>\n\n\n\n<h3 class=\"wp-block-heading\">Uso dei dati<\/h3>\n\n\n\n<p>La Societ\u00e0 utilizza i dati personali per i seguenti scopi:<br>\u2013 Fornitura di servizi in conformit\u00e0 con gli obblighi contrattuali \u2013 la Societa\u2019 pu\u00f2 utilizzare i dati personali durante la fornitura di servizi appaltati e per fornire forme diverse di comunicazione durante il processo di realizzazione della cooperazione.<br>\u2013 Attivit\u00e0 di marketing e vendita \u2013 La Societ\u00e0 pu\u00f2 utilizzare i dati personali allo scopo di informare i clienti di promozioni e offerte speciali, servizi, sconti o attivit\u00e0 simili;<br>\u2013 Protezione dei dipendenti della Societ\u00e0 \u2013 La Societ\u00e0 pu\u00f2 divulgare dati personali di individui se ritiene necessario o appropriato proteggere la salute e la sicurezza di dipendenti, visitatori, propriet\u00e0 e \/ o utente;<br>\u2013 obblighi di legge per comunicazione e trattamento dei dati<br>Modalita\u2019 di raccolta dei dati<br>I dati personali vengono raccolti in uno dei seguenti modi:<br>\u2013 forniti direttamente dall\u2019Utente: sono tutti i dati personali comunque forniti dall\u2019Utente (ivi compresi quelli inseriti nel Sito) per qualsiasi altra ragione alla societ\u00e0, ivi compresi quelli comunicati nel corso di eventi organizzati o partecipati di\/da la scrivente societ\u00e0, o che comunque siano ad essa forniti con qualsiasi modalit\u00e0 direttamente dall\u2019Utente (quali, a titolo esemplificativo, la compilazione di moduli o la corrispondenza);<br>\u2013 raccolti automaticamente (indirettamente): i dati personali raccolti automaticamente attraverso siti web (che non appartengono alla Societa\u2019), oppure tramite \u201ccookie\u201d sono di regola i dati relativi alla navigazione dell\u2019Utente.<\/p>\n\n\n\n<h3 class=\"wp-block-heading\">Richiesta dell\u2019 utente<\/h3>\n\n\n\n<p>La Societa\u2019 garantisce l\u2019esercizio dei diritti da parte dell\u2019utente in relazione a:<br>\u2013 accesso alle informazioni<br>\u2013 opposizione al trattamento<br>\u2013 limitazione del trattamento<br>\u2013 trasferimento di dati<br>\u2013 rettifica<br>\u2013 cancellazione<br>La richiesta di esercizio del diritto deve essere effettuata per iscritto dall\u2019interessato o puo\u2019 essere fatta a voce. Se si desidera richiedere i diritti sopra menzionati, la Societ\u00e0 considerer\u00e0 qualsiasi richiesta in conformit\u00e0 con tutte le leggi e i regolamenti applicabili in materia di protezione dei dati. La Societa\u2019 si riserva il diritto di addebitare i costi per l\u2019elaborazione delle richieste degli utenti in casi eccezionali in cui le richieste sono irragionevoli.<br>Gli utenti hanno il diritto di essere informati in base alla richiesta, e dopo la verifica di successo della loro identit\u00e0, di quanto segue:<br>\u2013 scopo del trattamento dei dati personali<br>\u2013 fonte dei dati personali, se non fornita dall\u2019utente;<br>\u2013 categoria dei dati personali<br>\u2013 destinatari o categorie di destinatari ai quali i dati personali sono stati o possono essere trasferiti insieme alla localita\u2019 di tali destinatari;<br>\u2013 il periodo previsto di conservazione dei dati personali o spiegazione per determinare il periodo di conservazione;<br>\u2013 processo decisionale automatizzato, inclusa la profilazione<br>Tutte le richieste di accesso o correzione dei dati personali devono essere indirizzate all\u2019Incaricato del trattamento dei dati personali che registrer\u00e0 ogni richiesta al momento del ricevimento. La risposta viene inviata all\u2019utente entro 30 giorni dal ricevimento della richiesta scritta.<\/p>\n\n\n\n<h3 class=\"wp-block-heading\">Autorizzazione al trattamento dei dati personali<\/h3>\n\n\n\n<p>In alcuni casi, la Societ\u00e0 pu\u00f2 richiedere il consenso da parte dell\u2019Utente o del suo genitore\/tutore\/rappresentante legale per il trattamento dei dati personali per uno scopo particolare.<\/p>\n\n\n\n<p>Quando il trattamento dei dati personali \u00e8 basato sul consenso, l\u2019utente \/ genitore\/tutore\/rappresentante legale ha il diritto di revocare il consenso prestato in qualsiasi momento. La revoca del consenso non pregiudica la liceit\u00e0 del trattamento basata sul consenso prima della revoca.<\/p>\n\n\n\n<h3 class=\"wp-block-heading\">Conservazione dei dati<\/h3>\n\n\n\n<p>La Societa\u2019 deve conservare i dati personali per un periodo non superiore a quello necessario agli scopi per i quali i dati personali sono trattati. La Societa\u2019 conservera\u2019 i dati personali per tutto il tempo necessario a fornire all\u2019Utente beni e\/o servizi; la Societ\u00e0 conserver\u00e0 i dati personali relativi all\u2019esecuzione del contratto per l\u2019adempimento degli obblighi di contratto e di legge; successivamente, i dati personali relativi all\u2019esecuzione del contratto verranno conservati per un periodo non eccedente il termine di prescrizione previsto dalla legge per far eventualmente valere o difendere un diritto in giudizio.<br>Alla scadenza del periodo di conservazione, i dati personali dovranno essere automaticamente cancellati, ovvero resi anonimi in modo permanente e non reversibile.<\/p>\n\n\n\n<h3 class=\"wp-block-heading\">Protezione dei dati personali<\/h3>\n\n\n\n<p>La Societ\u00e0 attua misure fisiche, tecniche e organizzative per garantire la sicurezza dei dati personali (ad esempio prevenzione perdite e danni, modifiche, accesso o trattamento non autorizzato, e altre minacce a cui possono essere esposti dati personali causate dall\u2019attivit\u00e0 umana o dall\u2019ambiente fisico \/ naturale).<\/p>\n\n\n\n<p>Le misure di sicurezza attuate sono finalizzate a:<\/p>\n\n\n\n<p>\u2013 impedire a persone non autorizzate di accedere al sistema di elaborazione in cui dati vengono trattati<\/p>\n\n\n\n<p>\u2013 Impedire a persone che hanno il diritto di utilizzare il sistema di elaborazione dati l\u2019accesso ai dati personali che esulano dalle loro esigenze e autorit\u00e0;<\/p>\n\n\n\n<p>\u2013 garantire che i dati personali durante la trasmissione elettronica o durante la trasmissione non possano essere letti, copiati, modificati o rimossi senza autorizzazione;<\/p>\n\n\n\n<p>\u2013 garantire la disponibilit\u00e0 del sistema allo scopo di determinare chi ha inserito, modificato o rimosso i dati personali dal sistema di elaborazione;<\/p>\n\n\n\n<p>\u2013 Assicurarsi che, quando il trattamento viene eseguito dall\u2019Incaricato, i dati possano essere trattati solo in conformit\u00e0 con le istruzioni del Responsabile del trattamento;<\/p>\n\n\n\n<p>\u2013 garantire che i dati personali siano protetti dalla distruzione o dalla perdita accidentale;<\/p>\n\n\n\n<p>\u2013 garantire che i dati personali raccolti per scopi diversi vengano trattati separatamente;<\/p>\n\n\n\n<p>\u2013 garantire che i dati personali non siano conservati pi\u00f9 a lungo del necessario.<\/p>\n\n\n\n<h3 class=\"wp-block-heading\">Richieste da parte delle autorita`<\/h3>\n\n\n\n<p>In determinate circostanze, \u00e8 consentito condividere i dati personali senza la conoscenza o il consenso dell\u2019utente quando \u00e8 richiesta la divulgazione di informazioni personali per uno dei seguenti scopi:<\/p>\n\n\n\n<p>\u2013 prevenzione o individuazione di reati<\/p>\n\n\n\n<p>\u2013 arresto o rilevamento di delinquenti<\/p>\n\n\n\n<p>\u2013 stima o riscossione di imposte o tasse.<\/p>\n\n\n\n<p>\u2013 su ordine del Tribunale o altra legge<\/p>\n\n\n\n<h3 class=\"wp-block-heading\">Gestione di reclami<\/h3>\n\n\n\n<p>In caso di domande o reclami in relazione alla presente informativa sulla Privacy o per esercitare i tuoi diritti sulla privacy sopra descritti, si prega di contattarci via email all\u2019indirizzo&nbsp;dpo@smile.hr.&nbsp;Nel caso di reclami, esamineremo la situazione relativa all\u2019utilizzo e alla divulgazione dei dati personali in conformit\u00e0 con questa politica, e cercheremo di risolverli nel pi\u00f9 breve tempo possibile.<\/p>\n\n\n\n<h3 class=\"wp-block-heading\">Tutela dei dati personali e della privacy dei minori<\/h3>\n\n\n\n<p>Sebbene la Societ\u00e0 sia orientata a informare il pubblico in generale, siamo ben consapevoli che i minori meritano una protezione speciale sotto tutti gli aspetti, compresa la tutela dei dati personali, poich\u00e9 potrebbero essere meno consapevoli dei rischi e delle possibili conseguenze della divulgazione dei loro dati.&nbsp;<\/p>\n\n\n\n<p>Ai sensi dell\u2019articolo 19, comma 1 della legge sull\u2019applicazione del Regolamento generale sulla protezione dei dati (Gazzetta ufficiale 42\/2018), la Societ\u00e0 per quanto riguarda la protezione dei dati personali, considera minori colui che e\u2019 di et\u00e0 inferiore ai 16 anni e non richiede o raccoglie dati personali di minori senza il consenso del genitore\/tutore\/rappresentante legale. La Societ\u00e0 far\u00e0 ogni ragionevole sforzo per garantire che i dati ricevuti dai minori vengano trattati solo con il consenso del genitore\/tutore\/rappresentante legale.<\/p>\n\n\n\n<p>Se la Societ\u00e0 scopre che i dati personali dei minori sono inviati, ma senza il valido consenso del genitore\/tutore\/rappresentante legale, la Societ\u00e0, in misura ragionevole, si impegna a fare quanto segue:<\/p>\n\n\n\n<p>\u2013 cancellare questi dati personali dai suoi file il prima possibile; e<\/p>\n\n\n\n<p>\u2013 assicurare, nel caso in cui la cancellazione non sia possibile, che tali dati personali non vengano utilizzati per alcuno scopo;<\/p>\n\n\n\n<p>\u2013 non ceder\u00e0 in nessun caso a terzi i dati forniti dall\u2019utente.<\/p>\n\n\n\n<p>Se il genitore o il tutore ha domande riguardanti il trattamento dei dati personali, si prega di contattare all\u2019indirizzo dell\u2019Incaricato del trattamento dei dati personali.<\/p>\n\n\n\n<h3 class=\"wp-block-heading\">Come trattiamo i vostri dati personali<\/h3>\n\n\n\n<p>Trattiamo i vostri dati all\u2019interno dello Spazio economico europeo. Resta in ogni caso inteso che la Societa\u2019, ove si rendesse necessario, avr\u00e0 facolt\u00e0 di spostare i server anche extra-UE. In tal caso, la Societa\u2019 assicura sin d\u2019ora che il trasferimento dei dati extra-UE avverr\u00e0 in conformit\u00e0 alle disposizioni di legge applicabili, previa stipula delle clausole contrattuali standard previste dalla Commissione Europea.&nbsp;<\/p>\n\n\n\n<h3 class=\"wp-block-heading\">Diritto di propore reclamo all\u2019autorita` di controllo<\/h3>\n\n\n\n<p>In qualsiasi momento, se ritenete che il trattamento dei vostri dati violi le leggi sulla protezione dei dati o che i vostri diritti in materia di privacy siano stati violati in altro modo , potete presentare un reclamo sul trattamento dei vostri dati personali presso l\u2019autorita\u2019 di vigilanza, l\u2019Agenzia per la protezione dei dati personali, Marti\u0107eva 14, Zagabria,&nbsp;azop@azop.hr.<\/p>\n\n\n\n<h3 class=\"wp-block-heading\">Politica sulla privacy online<\/h3>\n\n\n\n<p>La Societa\u2019 riconosce e rispetta il vostro diritto alla riservatezza dei dati e si impegna a manetenere riservate le informazioni personali degli utenti raccolti attraverso il sito web della Societa\u2019.<\/p>\n\n\n\n<p>I vostri dati personali vengono raccolti e utilizzati solo sulla base dei dati che avete fornito volontariamente alla Societ\u00e0, mediante registrazione (al momento della registrazione verranno utilizzati dati personali quali: nome e cognome, indirizzo, citt\u00e0, e-mail, anno di nascita) o utilizzando il sito web .<br>I dati personali raccolti sono conservati in formato elettronico e vengono applicate tutte le misure tecniche e organizzative appropriate per prevenire violazioni dei dati personali. Le e-mail ricevute con le vostre informazioni personali saranno utilizzate dalla Societ\u00e0 solo per soddisfare le vostre esigenze.<\/p>\n\n\n\n<h3 class=\"wp-block-heading\">Cookies<\/h3>\n\n\n\n<p>I cookie consentono di raccogliere informazioni statistiche sul comportamento dell\u2019utente e sull\u2019utilizzo dei servizi (ad esempio la sua \u2018durata\u2019 ovvero, l\u2019indicazione del momento in cui lo stesso scade), il web browser utilizzato (ad es. Internet Explorer, Opera, Safari, Google Chrome, Firefox) e cos\u00ec via.<\/p>\n\n\n\n<p>Un cookie \u00e8 un piccolo file di testo che viene memorizzato dal computer nel momento in cui un sito web viene visitato da un utente. Lo scopo principale di un cookie \u00e8 quello di far funzionare pi\u00f9 efficacemente il Sito e di abilitarne determinate funzionalit\u00e0. I cookie sono utilizzati per migliorare la navigazione globale dell\u2019Utente. I cookie sulle pagine Web della Societa\u2019 sono anonimi e non vengono utilizzati per accedere ai dati dell\u2019utente o per tenere traccia delle attivit\u00e0 degli utenti dopo aver lasciato il nostro sito web.<\/p>\n\n\n\n<p>Il sito Web della Societ\u00e0 monitora le statistiche e i dati relativi agli accessi e alle visite per ottenere le informazioni necessarie sull\u2019attrattivit\u00e0 e l\u2019efficacia dei loro siti.<\/p>\n\n\n\n<p>Gli utenti del World Wide Web hanno la possibilit\u00e0, attraverso gli strumenti messi a disposizione dagli sviluppatori dei browser, di avere pieno controllo sui cookie, di seguito le istruzioni per la configurazione dei browser pi\u00f9 diffusi:<br>\u2013 Google Chrome<br>\u2013 Internet Explorer<br>\u2013 Mozilla Firefox<br>\u2013 Safari (Desktop)<br>\u2013 Safari (Mobile)<br>\u2013 Android Browser<br>\u2013 Opera<br>\u2013 Opera Mobile<\/p>\n\n\n\n<p>Per altri browser, consultare la relativa documentazione fornita dalla rispettiva societ\u00e0 che possiede il motore di ricerca.<\/p>\n\n\n\n<h3 class=\"wp-block-heading\">Digital marketing e newsletter<\/h3>\n\n\n\n<p>La Societa\u2019 invia materiali promozionali attraverso canali di comunicazione digitali a persone che a un certo punto hanno raggiunto una forma di cooperazione (abbonati, pazienti e potenziali pazienti) e che ci hanno fornito informazioni di contatto per tale forma di comunicazione.<\/p>\n\n\n\n<p>Gli utenti dei servizi della Societa\u2019 hanno il diritto in qualunque momento di cancellare l\u2019iscrizione ai servizi promozionali e la Societ\u00e0 fornir\u00e0 strumenti per eseguire la cancellazione dal database. La base giuridica per lo svolgimento di tale attivit\u00e0 \u00e8 l\u2019interesse legittimo della Societ\u00e0.<\/p>\n\n\n\n<p>Le informazioni di contatto, come il nome e l\u2019indirizzo e-mail, sono necessari ai fini di invio di materiale promozionale da parte della Societa\u2019. I materiali promozionali includono informazioni su servizi, offerte speciali e newsletter.<br>L\u2019utente verr\u00e0 informato al momento del primo contatto o in qualsiasi fase del servizio di utilizzo dei suoi dati per scopi di marketing digitale.<\/p>\n\n\n\n<p>La possibilit\u00e0 di un\u2019esclusione generale non \u00e8 disponibile per alcune forme di comunicazione non marketing, quali comunicazioni relative al download del prodotto, transazione di vendita, vincita dei premi, dichiarazioni di conformit\u00e0 agli obblighi legali e (ove consentito dalla legge).<\/p>\n\n\n\n<p>La Societ\u00e0 pu\u00f2 utilizzare i servizi tecnici di partner commerciali esterni per l\u2019invio di Newsletter. In questo caso, viene trattato solo l\u2019indirizzo e-mail che avete fornito per ricevere Newsletter.<\/p>\n\n\n\n<p><\/p>\n","protected":false},"excerpt":{"rendered":"<p>La tutela della privacy dei nostri utenti \u00e8 molto importante. La presente Informativa sulla Privacy si applica a tutte le informazioni, compresi i dati personali, che Clinica Smile raccoglie online. POLIKLINIKA SMILE d.o.o.&nbsp;(di seguito \u201cla Societ\u00e0\u201c) attua misure di protezione dei dati personali in conformit\u00e0 agli obblighi statutari e al nuovo&nbsp;Regolamento in materia di protezione [&hellip;]<\/p>\n","protected":false},"author":1,"featured_media":0,"parent":0,"menu_order":0,"comment_status":"closed","ping_status":"open","template":"","meta":{"_acf_changed":false,"footnotes":""},"class_list":["post-22137","page","type-page","status-publish","hentry"],"acf":[],"_links":{"self":[{"href":"https:\/\/smile.hr\/it\/wp-json\/wp\/v2\/pages\/22137","targetHints":{"allow":["GET"]}}],"collection":[{"href":"https:\/\/smile.hr\/it\/wp-json\/wp\/v2\/pages"}],"about":[{"href":"https:\/\/smile.hr\/it\/wp-json\/wp\/v2\/types\/page"}],"author":[{"embeddable":true,"href":"https:\/\/smile.hr\/it\/wp-json\/wp\/v2\/users\/1"}],"replies":[{"embeddable":true,"href":"https:\/\/smile.hr\/it\/wp-json\/wp\/v2\/comments?post=22137"}],"version-history":[{"count":0,"href":"https:\/\/smile.hr\/it\/wp-json\/wp\/v2\/pages\/22137\/revisions"}],"wp:attachment":[{"href":"https:\/\/smile.hr\/it\/wp-json\/wp\/v2\/media?parent=22137"}],"curies":[{"name":"wp","href":"https:\/\/api.w.org\/{rel}","templated":true}]}}