{"id":22133,"date":"2022-02-09T19:42:28","date_gmt":"2022-02-09T18:42:28","guid":{"rendered":"https:\/\/smile.hr\/2022\/opci-uvjeti-poslovanja\/"},"modified":"2023-01-16T15:19:31","modified_gmt":"2023-01-16T14:19:31","slug":"termini-e-condizioni-generali","status":"publish","type":"page","link":"https:\/\/smile.hr\/it\/termini-e-condizioni-generali\/","title":{"rendered":"Termini e condizioni generali"},"content":{"rendered":"\n<p>I termini e le condizioni generali di Poliklinika Smile d.o.o. determinano il funzionamento, i diritti e gli obblighi dei pazienti e del fornitore dei servizi (Poliklinika Smile), i metodi di pagamento, gli sconti e altre disposizioni al fine di informare meglio i pazienti.<\/p>\n\n\n\n<h2 class=\"wp-block-heading\"><strong>TERMINI E CONDIZIONI DI PAGAMENTO<\/strong><\/h2>\n\n\n\n<p>I servizi di Poliklinika Smile possono essere pagati in contanti, in Kuna croata o in valuta estera, effettuato previo cambio in uffici di cambio o in banca.<\/p>\n\n\n\n<p>Oltre ai contanti, \u00e8 possibile pagare anche con carta di credito, carta di debito, bonifico bancario o finanziamento (Pagodil).<\/p>\n\n\n\n<p>Il paziente \u00e8 tenuto a pagare l\u2019intera fattura per i servizi eseguiti immediatamente dopo la fine del trattamento.<\/p>\n\n\n\n<h2 class=\"wp-block-heading\"><strong>Pagamento con carta<\/strong><\/h2>\n\n\n\n<ul class=\"wp-block-list\">\n<li>Visa Premium<\/li>\n\n\n\n<li>Diners<\/li>\n\n\n\n<li>Maestro<\/li>\n\n\n\n<li>Master card<\/li>\n\n\n\n<li>VISA<\/li>\n\n\n\n<li>VISA electron<\/li>\n<\/ul>\n\n\n\n<h2 class=\"wp-block-heading\"><strong>Pagamento in contanti<\/strong><\/h2>\n\n\n\n<ul class=\"wp-block-list\">\n<li>In Euro<\/li>\n<\/ul>\n\n\n\n<p>Non \u00e8 possibile il pagamento in altre valute. Per effettuare pagamenti in valute estere, bisogna fare un cambio valuta.<\/p>\n\n\n\n<h2 class=\"wp-block-heading\"><strong>Pagamento con bonifico bancario<\/strong><\/h2>\n\n\n\n<p>Eccezionalmente, il paziente pu\u00f2 pagare la fattura per i servizi effettuati tramite bonifico bancario, entro 3 giorni dal servizio effettuato e dalla fattura emessa. Le coordinate bancarie sono seguenti;Le coordinate bancarie sono seguenti;<\/p>\n\n\n\n<p>Destinatario:&nbsp;<strong>Poliklinika Smile d.o.o.<\/strong><\/p>\n\n\n\n<p>Sede legale: M. Tita 129, HR-51410 Opatija<\/p>\n\n\n\n<p>p.IVA: 47399464072<\/p>\n\n\n\n<p>IBAN:&nbsp;<strong>HR0223400091110827509<\/strong><\/p>\n\n\n\n<p>BIC\/SWIFT:&nbsp;<strong>PBZGHR2X<\/strong><\/p>\n\n\n\n<p>Banca:&nbsp;<strong>Privredna banka Zagreb d.d.<\/strong><\/p>\n\n\n\n<p>Sede: Radni\u010dka cesta 50, HR-10000 Zagreb<\/p>\n\n\n\n<h2 class=\"wp-block-heading\"><strong>PRENOTAZIONE APPUNTAMENTI PER INTERVENTI CHIRURGICI<\/strong><\/h2>\n\n\n\n<p>Ogni paziente \u00e8 tenuto a versare un deposito non rimborsabile del 20% dell\u2019importo totale del preventivo al fine di prenotare intervento chirurgico, entro e non oltre 7 giorni prima dell\u2019appuntamento prenotato.Il pagamento pu\u00f2 essere effettuato tramite bonifico bancario all\u2019 IBAN di Poliklinika Smile, HR02 2340 0091 1108 2750 9, SWIFT PBZGHR2X, Privredna banka Zagreb d.d., o di persona, all\u2019arrivo in clinica.Il resto dell\u2019importo totale del preventivo dell\u2019intervento concordato deve essere saldato entro e non oltre 48 ore prima dell\u2019appuntamento fissato per l\u2019intervento chirurgico se il paziente desidera ottenere uno sconto per il pagamento anticipato.<\/p>\n\n\n\n<p>La chirurgia comprende tutte le procedure implantari e chirurgiche in anestesia locale o in sedazione.<\/p>\n\n\n\n<p>Se il paziente non ha la possibilit\u00e0 di venire all\u2019appuntamento fissato per l\u2019intervento chirurgico programmato per motivi giustificati ed ha informato tempestivamente Poliklinika Smile entro e non oltre 48 ore prima dell\u2019intervento programmato, il paziente pu\u00f2 utilizzare l\u2019importo del deposito versato per lo stesso intervento chirurgico entro sei mesi dal giorno della cancellazione.Lo stesso pu\u00f2 essere utilizzato per altri servizi di Poliklinika Smile. Se il paziente rinuncia all\u2019intervento programmato e non informa la clinica o informa la clinica entro meno di 48 ore prima della data concordata, il deposito versato per un importo pari al 20% dell\u2019importo totale del preventivo non sar\u00e0 rimborsato al paziente e allo stesso non viene data la possibilit\u00e0 di fissare un nuovo appuntamento per il servizio da cui ha rinunciato, n\u00e9 la possibilit\u00e0 di utilizzare un altro servizio di Poliklinika Smile.<\/p>\n\n\n\n<h2 class=\"wp-block-heading\"><strong>CONDIZIONI E VANTAGGI PER I PACCHETTI DI SERVIZI O SINGOLI SERVIZI PAGATI IN ANTICIPO (SERVIZI PREPAGATI)<\/strong><\/h2>\n\n\n\n<p>Il paziente \u00e8 tenuto a utilizzare l\u2019importo di servizi di Poliklinika Smile pagati in anticipo entro un (1) anno dalla data del rilascio del preventivo.Se il paziente non utilizza tutti i servizi del pacchetto pagati in anticipo entro il periodo specificato, non ha diritto a un rimborso per i servizi che non ha utilizzato.Se il paziente non \u00e8 in grado di utilizzare tutti i servizi del pacchetto pagati in anticipo per motivi giustificati, la clinica Smile offre al paziente la possibilit\u00e0 di utilizzare altri servizi forniti dal dipartimento per i quali \u00e8 stato pagato un pacchetto di trattamento \/ servizio o di trasferire i servizi non utilizzati a terzi entro 1 anno dalla data di fatturazione.La terza parte ha il diritto di utilizzare i trattamenti nella quantit\u00e0 rimanente non utilizzata personalmente dal paziente che ha pagato il pacchetto di trattamenti \/ servizi all\u2019interno del reparto in cui \u00e8 stato pagato il pacchetto e entro il periodo rimanente di un anno, con il consenso scritto del paziente che ha versato il deposito.<\/p>\n\n\n\n<p>Se il paziente non desidera utilizzare il pacchetto pagato in anticipo per nessuna delle opzioni di cui sopra, il paziente non ha diritto a un rimborso per trattamenti \/ servizi non utilizzati e sono considerati pienamente utilizzati.Se il paziente non cancella il trattamento \/ servizio prepagato entro 48 ore prima dell\u2019appuntamento concordato, si considera che il trattamento \/ servizio concordato sia stato pienamente eseguito.<\/p>\n\n\n\n<p>\u00c8 particolarmente importante notare che il prezzo dei trattamenti \/ servizi che compongono una parte integrante di un pacchetto \u00e8 determinato ad un importo preferenziale rispetto al prezzo di tali trattamenti \/ servizi al di fuori del pacchetto e il prezzo di quelli al di fuori del pacchetto \u00e8 calcolato in base al prezzo per quel trattamento \/ servizio nel prezzo unitario indicato nel listino prezzi di Poliklinika Smile valido nel mese di acquisto del pacchetto.Poliklinika Smile garantisce la qualit\u00e0 di ogni trattamento e servizio fornito, tuttavia, a causa dell\u2019unicit\u00e0 del corpo umano e delle reazioni individuali di ciascun organismo, esiste la possibilit\u00e0 che i risultati desiderati non possano essere raggiunti o raggiunti in misura minore, soprattutto se il paziente non aderisce a tutte le fasi che sono tenuti a raggiungere l\u2019obiettivo del trattamento e \/ o del servizio svolto e di cui era a conoscenza in precedenza.In questo caso, il paziente non ha diritto a un rimborso di anticipo pagato per trattamenti e \/ o servizi.<br><br>Si noti che i fondi degli anticipi versati sono stati immediatamente e prontamente impegnati al fine di procurare i materiali necessari per eseguire le procedure concordate per ogni singolo paziente che ha pagato l\u2019anticipo.<br>L\u2019acconto versato coprir\u00e0 integralmente tutti gli ulteriori lavori e interventi concordati per i quali \u00e8 stato pagato e che, in accordo con ogni singolo pagatore, pu\u00f2 essere utilizzato, con il consenso scritto del pagatore, esclusivamente per eseguire la procedura su altri pazienti o familiari del paziente pagatore che ha versato l\u2019anticipo se il materiale acquistato \u00e8 compatibile con i lavori e gli interventi da eseguire su un altro paziente a cui viene trasferito il diritto di utilizzare l\u2019anticipo.<\/p>\n\n\n\n<p>I pazienti che hanno effettuato un acconto sono anche informati che non sar\u00e0 possibile soddisfare i requisiti per rimborso dell\u2019acconto, poich\u00e9 i lavori e le procedure che sono state concordate e pagate saranno completate non appena le condizioni sanitarie sono soddisfatte, con quanto sopra, il pagamento \u00e8 immediatamente utilizzato per coprire l\u2019approvvigionamento di costi materiali per ogni singolo pagatore.<\/p>\n\n\n\n<h2 class=\"wp-block-heading\"><strong>INSERIMENTO DI IMPIANTI DENTALI STRAUMANN<\/strong><\/h2>\n\n\n\n<p>Ogni impianto Straumann \u00e8 garantito per il materiale, il che dimostra l\u2019assenza di impurit\u00e0 del materiale, e la garanzia e l\u2019originalit\u00e0 dell\u2019impianto sono comprovate mediante un passaporto Straumann con un numero di serie univoco per ciascun impianto posizionato.Poliklinika Smile sostituisce l\u2019impianto non integrato a spese sue esclusivamente per il paziente il cui impianto \u00e8 stato posizionato presso Poliklinika Smile, a condizione che il paziente abbia rispettato tutte le istruzioni fornite dal chirurgo orale presso Poliklinika Smile e che \u00e8 venuto a regolari controlli post-operatori.<\/p>\n\n\n\n<p>Straumann ha una garanzia a vita sull\u2019impianto e una garanzia di 10 anni sui componenti protesici (abutment \u2013 monconi e vite).<\/p>\n\n\n\n<h2 class=\"wp-block-heading\"><strong>PROTESI SULL\u2019IMPIANTO \u2013 RESTAURI PROTESICI (CORONE, PONTI)<\/strong><\/h2>\n\n\n\n<p>Se si verifica un rigetto dell\u2019impianto dentale, \u00e8 necessario eseguire la sostituzione del restauro protesico.A seconda delle ragioni del rigetto dell\u2019impianto, dipender\u00e0 il fatto a chi sar\u00e0 il carico del costo del restauro protesico. Se il rigetto dell\u2019impianto si \u00e8 verificato entro 90 giorni dal giorno del trattamento protesico, il costo del nuovo restauro sar\u00e0 a carico della Poliklinika Smile.<\/p>\n\n\n\n<p>Se il rigetto dell\u2019impianto \u00e8 dovuto al fallimento a causa di scarsa igiene, mancanza di controlli e non conformit\u00e0 alle istruzioni dello specialista di Poliklinika Smile e ragioni che non possono essere influenzate da Poliklinika Smile, il costo del nuovo lavoro protesico \u00e8 a carico del paziente.<\/p>\n\n\n\n<h2 class=\"wp-block-heading\"><strong>PROTESI SUL DENTE PROPRIO (CORONE, FACCETTE, PONTI)<\/strong><\/h2>\n\n\n\n<p>Se il fallimento del lavoro protesico si \u00e8 verificato immediatamente dopo il trattamento protesico, il costo del nuovo lavoro protesico \u00e8 a carico di Poliklinika Smile.<\/p>\n\n\n\n<p>Se il rigetto dell\u2019impianto \u00e8 dovuto al fallimento a causa di scarsa igiene, mancanza di controlli e non conformit\u00e0 alle istruzioni dello specialista di Poliklinika Smile e ragioni che non possono essere influenzate da Poliklinika Smile, il costo del nuovo lavoro protesico \u00e8 a carico del paziente.<\/p>\n\n\n\n<h2 class=\"wp-block-heading\"><strong>GARANZIE PER RESTAURI PROTESICI<\/strong><\/h2>\n\n\n\n<p>Tutte le corone in metallo ceramico, corone senza metallo, faccette, protesi wironit hanno una garanzia di 2 anni in caso di scementazione e caduta o di seguito rottura della corona.La protesi in acrilato ha anche una garanzia di 2 anni se si tratta di una protesi permanente. Gli elementi di ritenzione come fermagli di ritenzione o ancoraggi per protesi hanno una garanzia di 2 anni. La garanzia non copre corone, ponti e protesi mobili come soluzioni provvisorie.<\/p>\n\n\n\n<h2 class=\"wp-block-heading\"><strong>GARANZIA SUGLI INTERVENTI DI RESTAURO ED ENDODONTICI<\/strong><\/h2>\n\n\n\n<p>Tutte le otturazioni in composito hanno una garanzia di 1 anno, mentre le otturazioni in ceramica (inlay, onlay, overlay) hanno una garanzia di 2 anni.<\/p>\n\n\n\n<p>Non vi \u00e8 alcuna garanzia sul riempimento del canale radicolare e revisione del riempimento del canale radicolare a causa dell\u2019elevato rischio dovuto alle variazioni individuali nella morfologia del canale radicolare.<\/p>\n\n\n\n<h2 class=\"wp-block-heading\"><strong>LA GARANZIA NON \u00c8 APPLICABILE SE:<\/strong><\/h2>\n\n\n\n<ul class=\"wp-block-list\">\n<li>il paziente non si attiene alle istruzioni del fornitore dell\u2019 igiene orale<\/li>\n\n\n\n<li>il paziente non mantiene l\u2019igiene con prodotti adeguati come consigliato dal fornitore,<\/li>\n\n\n\n<li>il paziente utilizza in modo improprio e non mantiene i restauri protesici mobili,<\/li>\n\n\n\n<li>il paziente non viene sottoposto a controlli regolari almeno una volta ogni 3 o 6 mesi a seconda della valutazione del fornitore,<\/li>\n\n\n\n<li>al paziente viene diagnosticata una malattia del dente o del tessuto circostante dopo il completamento del servizio medico fornito,<\/li>\n\n\n\n<li>che richiede un trattamento da eseguire che richiede la rimozione completa o un danno parziale del lavoro (ad esempio malattia parodontale, pulpite, cisti, processo periapicale), che non \u00e8 visibile durante la terapia,<\/li>\n\n\n\n<li>si verifica una malattia generale che ha un effetto sul sistema masticatorio del paziente (ad esempio diabete, epilessia, osteoporosi, chemioterapia, radiazioni in pazienti oncologici),<\/li>\n\n\n\n<li>il paziente perde significativamente o acquista il peso in un breve periodo di tempo,<\/li>\n\n\n\n<li>si verificano danni causati da incidenti o emergenze (ad es. caduta, impatto, rissa, collisione),<\/li>\n\n\n\n<li>si verificano danni causati da cattive abitudini alimentari e altre abitudini,<\/li>\n\n\n\n<li>si verifica il danno a causa di circostanze che non possono essere influenzate da Poliklinika Smile<\/li>\n<\/ul>\n\n\n\n<h2 class=\"wp-block-heading\"><strong>SCONTI E PROMOZIONI<\/strong><\/h2>\n\n\n\n<p>Smile Clinic offre occasionalmente sconti speciali per promuovere nuovi prodotti e \/ o servizi. Gli sconti sono limitati nel tempo con la data di inizio e la data di fine dell\u2019azione. Oltre al limite di tempo, gli sconti hanno uno sconto percentuale chiaramente indicato con l\u2019annuncio del prezzo speciale (ridotto) e del prezzo normale.Gli sconti non sono accumulabili e non si applicano nel corso dell\u2019azione per prodotti o servizi gi\u00e0 scontati. Ogni azione indica chiaramente le condizioni per ottenere il diritto a uno sconto nonch\u00e9 i metodi di pagamento a cui si applica.<\/p>\n\n\n\n<h2 class=\"wp-block-heading\"><strong>Opatija, 01.01.2012<\/strong><\/h2>\n\n\n\n<p><strong>Dr.sc. Darko Slov\u0161a<\/strong><\/p>\n","protected":false},"excerpt":{"rendered":"<p>I termini e le condizioni generali di Poliklinika Smile d.o.o. determinano il funzionamento, i diritti e gli obblighi dei pazienti e del fornitore dei servizi (Poliklinika Smile), i metodi di pagamento, gli sconti e altre disposizioni al fine di informare meglio i pazienti. TERMINI E CONDIZIONI DI PAGAMENTO I servizi di Poliklinika Smile possono essere [&hellip;]<\/p>\n","protected":false},"author":1,"featured_media":0,"parent":0,"menu_order":0,"comment_status":"closed","ping_status":"closed","template":"","meta":{"_acf_changed":false,"footnotes":""},"class_list":["post-22133","page","type-page","status-publish","hentry"],"acf":[],"_links":{"self":[{"href":"https:\/\/smile.hr\/it\/wp-json\/wp\/v2\/pages\/22133","targetHints":{"allow":["GET"]}}],"collection":[{"href":"https:\/\/smile.hr\/it\/wp-json\/wp\/v2\/pages"}],"about":[{"href":"https:\/\/smile.hr\/it\/wp-json\/wp\/v2\/types\/page"}],"author":[{"embeddable":true,"href":"https:\/\/smile.hr\/it\/wp-json\/wp\/v2\/users\/1"}],"replies":[{"embeddable":true,"href":"https:\/\/smile.hr\/it\/wp-json\/wp\/v2\/comments?post=22133"}],"version-history":[{"count":1,"href":"https:\/\/smile.hr\/it\/wp-json\/wp\/v2\/pages\/22133\/revisions"}],"predecessor-version":[{"id":23086,"href":"https:\/\/smile.hr\/it\/wp-json\/wp\/v2\/pages\/22133\/revisions\/23086"}],"wp:attachment":[{"href":"https:\/\/smile.hr\/it\/wp-json\/wp\/v2\/media?parent=22133"}],"curies":[{"name":"wp","href":"https:\/\/api.w.org\/{rel}","templated":true}]}}