{"id":22129,"date":"2022-02-09T19:41:10","date_gmt":"2022-02-09T18:41:10","guid":{"rendered":"https:\/\/smile.hr\/2022\/impressum\/"},"modified":"2022-02-09T19:41:10","modified_gmt":"2022-02-09T18:41:10","slug":"impressum","status":"publish","type":"page","link":"https:\/\/smile.hr\/it\/impressum\/","title":{"rendered":"Impressum"},"content":{"rendered":"\n<h4 class=\"wp-block-heading\">Impressum<\/h4>\n\n\n\n<p>Poliklinika Smile d.o.o.<br>M. Tita 129<br>HR-51410 Opatija<\/p>\n\n\n\n<p>OIB (VAT \/ P.IVA \/ DDV \/ MwSt. \/ VIES ID)&nbsp;<strong>HR47399464072<\/strong><br>D-U-N-S&nbsp;<strong>500646044<\/strong><br>IBAN:&nbsp;<strong>HR0223400091110827509<\/strong><br>BIC (SWIFT)&nbsp;<strong>PBZGHR2X<\/strong><\/p>\n\n\n\n<p>Poslovna banka: Privredna banka Zagreb d.d., Radni\u010dka cesta 50, HR-10000 Zagreb<br>\u010clan uprave dr. sc. MOM M.Sc., Darko Slov\u0161a, dr. dent. med.<\/p>\n\n\n\n<p>Dru\u0161tvo je 16.03.2011 upisano u registar Trgova\u010dkog suda u Rijeci pod brojem Tt-11\/1264-3<br>MBS 040270242 | Mati\u010dni broj NKD 02740087<br>Temeljni kapital 1.501.000,00 kuna<\/p>\n","protected":false},"excerpt":{"rendered":"<p>Impressum Poliklinika Smile d.o.o.M. Tita 129HR-51410 Opatija OIB (VAT \/ P.IVA \/ DDV \/ MwSt. \/ VIES ID)&nbsp;HR47399464072D-U-N-S&nbsp;500646044IBAN:&nbsp;HR0223400091110827509BIC (SWIFT)&nbsp;PBZGHR2X Poslovna banka: Privredna banka Zagreb d.d., Radni\u010dka cesta 50, HR-10000 Zagreb\u010clan uprave dr. sc. MOM M.Sc., Darko Slov\u0161a, dr. dent. med. Dru\u0161tvo je 16.03.2011 upisano u registar Trgova\u010dkog suda u Rijeci pod brojem Tt-11\/1264-3MBS 040270242 | [&hellip;]<\/p>\n","protected":false},"author":1,"featured_media":0,"parent":0,"menu_order":0,"comment_status":"closed","ping_status":"closed","template":"","meta":{"_acf_changed":false,"footnotes":""},"class_list":["post-22129","page","type-page","status-publish","hentry"],"acf":[],"_links":{"self":[{"href":"https:\/\/smile.hr\/it\/wp-json\/wp\/v2\/pages\/22129","targetHints":{"allow":["GET"]}}],"collection":[{"href":"https:\/\/smile.hr\/it\/wp-json\/wp\/v2\/pages"}],"about":[{"href":"https:\/\/smile.hr\/it\/wp-json\/wp\/v2\/types\/page"}],"author":[{"embeddable":true,"href":"https:\/\/smile.hr\/it\/wp-json\/wp\/v2\/users\/1"}],"replies":[{"embeddable":true,"href":"https:\/\/smile.hr\/it\/wp-json\/wp\/v2\/comments?post=22129"}],"version-history":[{"count":0,"href":"https:\/\/smile.hr\/it\/wp-json\/wp\/v2\/pages\/22129\/revisions"}],"wp:attachment":[{"href":"https:\/\/smile.hr\/it\/wp-json\/wp\/v2\/media?parent=22129"}],"curies":[{"name":"wp","href":"https:\/\/api.w.org\/{rel}","templated":true}]}}