{"id":13211,"date":"2022-06-07T13:52:18","date_gmt":"2022-06-07T11:52:18","guid":{"rendered":"https:\/\/smile.hr\/2022\/cijene-stomatoloskih-usluga\/"},"modified":"2023-02-20T15:24:56","modified_gmt":"2023-02-20T14:24:56","slug":"preise-fur-zahnarztliche-leistungen","status":"publish","type":"page","link":"https:\/\/smile.hr\/de\/preise-fur-zahnarztliche-leistungen\/","title":{"rendered":"Preise f\u00fcr zahn\u00e4rztliche Leistungen"},"content":{"rendered":"\n<p>Wir haben unsere Preise f\u00fcr zahn\u00e4rztliche Leistungen so gestaltet, dass sie Ihnen das beste Verh\u00e4ltnis von Investition und Gewinn bieten. Unten k\u00f6nnen Sie die Preisliste der zahn\u00e4rztlichen Leistungen einsehen, die in Hauptbereiche unterteilt ist, damit Sie die genauen Preise f\u00fcr zahn\u00e4rztliche Leistungen, die Sie ben\u00f6tigen, leichter finden k\u00f6nnen.<\/p>\n\n\n\n<h2 class=\"wp-block-heading\" id=\"implantati\">ZAHNIMPLANTATE STRAUMANN<\/h2>\n\n\n\n<p>Zahnimplantate sind die optimale Methode eines Zahnersatzes und k\u00f6nnen eine lebenslange L\u00f6sung sein. In der Smile-Poliklinik erhalten Sie alle Zertifikate und Garantien f\u00fcr Straumann-Implantate. <a href=\"https:\/\/smile.hr\/2022\/de\/zahnimplantate\/\">Erfahren Sie mehr.<\/a><\/p>\n\n\n\n<figure class=\"wp-block-table\"><table><tbody><tr><td>Implantologie-Set (CT, CoDiagnostix-Analyse, Ozonbehandlung, PRP-Behandlung, Straumann-Neodent-Implantat, Abutment, Zirkon-Krone)<\/td><td><strong>ab<\/strong> <strong>1.133\u20ac<\/strong><\/td><\/tr><tr><td>Straumann-Neodent-Implantat<\/td><td><strong>ab<\/strong> <strong>599 \u20ac<\/strong><\/td><\/tr><tr><td>Abutment<\/td><td><strong>ab<\/strong> <strong>178\u20ac<\/strong><\/td><\/tr><tr><td>Zirkonkrone auf dem Implantat<\/td><td><strong>ab<\/strong> <strong>250 \u20ac<\/strong><\/td><\/tr><\/tbody><\/table><\/figure>\n\n\n\n<h2 class=\"wp-block-heading\" id=\"ALL-ON-4\">ALL ON 4 STRAUMANN PRO ARCH<\/h2>\n\n\n\n<p>Neue Z\u00e4hne in nur 24 Stunden! All on 4 ist eine implantologische Methode, bei der wir alle Z\u00e4hne im Kiefer durch eine fest sitzende Br\u00fccke, die auf 4 Zahnimplantaten befestigt ist, ersetzen k\u00f6nnen. <a href=\"https:\/\/smile.hr\/2022\/de\/zahnimplantate-all-on-4-straumann-pro-arch-behandlungen\/\">Erfahren Sie mehr<\/a>.<\/p>\n\n\n\n<figure class=\"wp-block-table\"><table><tbody><tr><td>4x Straumann\/Neodent-Implantat + Knochenregeneration und -nivellierung + provisorische fest sitzende Arbeit + definitive Zirkonbr\u00fccke<\/td><td><strong>ab 6.921 \u20ac<\/strong><\/td><\/tr><tr><td>4x Straumann\/Neodent-Implantat + Knochenregeneration und -nivellierung + provisorische fest sitzende Arbeit + definitive Acrylatbr\u00fccke<\/td><td><strong>ab 5.000 \u20ac<\/strong><\/td><\/tr><tr><td>Regeneration von Knochendefekten mit autologem Knochen (pro Position)<\/td><td><strong>ab<\/strong> <strong>172 \u20ac<\/strong><\/td><\/tr><tr><td>Sinuslift (klein)<\/td><td><strong>ab<\/strong> <strong>208 \u20ac<\/strong><\/td><\/tr><tr><td>Sinuslift (gro\u00df)<\/td><td><strong>ab<\/strong> <strong>730 \u20ac<\/strong><\/td><\/tr><\/tbody><\/table><\/figure>\n\n\n\n<div style=\"height:50px\" aria-hidden=\"true\" class=\"wp-block-spacer\"><\/div>\n\n\n\t\t<div data-elementor-type=\"section\" data-elementor-id=\"14874\" class=\"elementor elementor-14874 elementor-6284\" data-elementor-post-type=\"elementor_library\">\n\t\t\t\t\t<section class=\"elementor-section elementor-top-section elementor-element elementor-element-6ff42762 elementor-hidden-mobile elementor-section-boxed elementor-section-height-default elementor-section-height-default\" data-id=\"6ff42762\" data-element_type=\"section\" data-e-type=\"section\" data-settings=\"{&quot;background_background&quot;:&quot;classic&quot;,&quot;animation&quot;:&quot;none&quot;}\">\n\t\t\t\t\t\t<div class=\"elementor-container elementor-column-gap-default\">\n\t\t\t\t\t<div class=\"elementor-column elementor-col-100 elementor-top-column elementor-element elementor-element-43e1f53d\" data-id=\"43e1f53d\" data-element_type=\"column\" data-e-type=\"column\" data-settings=\"{&quot;background_background&quot;:&quot;classic&quot;}\">\n\t\t\t<div class=\"elementor-widget-wrap elementor-element-populated\">\n\t\t\t\t\t<div class=\"elementor-background-overlay\"><\/div>\n\t\t\t\t\t\t<div class=\"elementor-element elementor-element-1b95a38b elementor-widget elementor-widget-heading\" data-id=\"1b95a38b\" data-element_type=\"widget\" data-e-type=\"widget\" data-widget_type=\"heading.default\">\n\t\t\t\t<div class=\"elementor-widget-container\">\n\t\t\t\t\t<p class=\"elementor-heading-title elementor-size-default\">KOSTENLOSE UNTERSUCHUNG<\/p>\t\t\t\t<\/div>\n\t\t\t\t<\/div>\n\t\t\t\t<div class=\"elementor-element elementor-element-38e50d10 elementor-widget elementor-widget-text-editor\" data-id=\"38e50d10\" data-element_type=\"widget\" data-e-type=\"widget\" data-widget_type=\"text-editor.default\">\n\t\t\t\t<div class=\"elementor-widget-container\">\n\t\t\t\t\t\t\t\t\t<p>Jeden Tag verschieben wir Grenzen, um unseren Patienten nur das Beste zu bieten. Die erste kostenlose Untersuchung beinhaltet eine fach\u00e4rztliche Untersuchung, 2D-R\u00f6ntgen Aufnahme beider Kiefer, Beratungsgespr\u00e4che und Erstellung eines garantierten Kostenvoranschlags.<\/p>\t\t\t\t\t\t\t\t<\/div>\n\t\t\t\t<\/div>\n\t\t\t\t<div class=\"elementor-element elementor-element-db7f2c1 elementor-widget elementor-widget-global elementor-global-11699 elementor-global-5237 elementor-widget-button\" data-id=\"db7f2c1\" data-element_type=\"widget\" data-e-type=\"widget\" data-widget_type=\"button.default\">\n\t\t\t\t<div class=\"elementor-widget-container\">\n\t\t\t\t\t\t\t\t\t<div class=\"elementor-button-wrapper\">\n\t\t\t\t\t<a class=\"elementor-button elementor-button-link elementor-size-sm\" href=\"https:\/\/smile.hr\/de\/preise-fur-zahnarztliche-leistungen\/\">\n\t\t\t\t\t\t<span class=\"elementor-button-content-wrapper\">\n\t\t\t\t\t\t\t\t\t<span class=\"elementor-button-text\">Ich m\u00f6chte eine kostenlose Untersuchung<\/span>\n\t\t\t\t\t<\/span>\n\t\t\t\t\t<\/a>\n\t\t\t\t<\/div>\n\t\t\t\t\t\t\t\t<\/div>\n\t\t\t\t<\/div>\n\t\t\t\t\t<\/div>\n\t\t<\/div>\n\t\t\t\t\t<\/div>\n\t\t<\/section>\n\t\t\t\t<\/div>\n\t\t\n\n\n\n<div style=\"height:50px\" aria-hidden=\"true\" class=\"wp-block-spacer\"><\/div>\n\n\n\n<h6 class=\"wp-block-heading\" id=\"oralna\">ORALCHIRURGIE<\/h6>\n\n\n\n<p>Die Poliklinik Smile hat zwei Spezialisten f\u00fcr Oralchirurgie in ihrem Team. Zu den oralchirurgischen Eingriffen geh\u00f6ren zahlreiche Eingriffe an Z\u00e4hnen, Kiefer und Zahnfleisch. <a href=\"https:\/\/smile.hr\/2022\/de\/oralchirurgie\/\">Erfahren Sie mehr<\/a>.<\/p>\n\n\n\n<figure class=\"wp-block-table\"><table><tbody><tr><td>Zahnextraktion<\/td><td><strong>ab<\/strong> <strong>26 \u20ac<\/strong><\/td><\/tr><tr><td>Operative Zahnextraktion (retinierter Zahn)<\/td><td><strong>ab<\/strong> <strong>130 \u20ac<\/strong><\/td><\/tr><tr><td>Apikotomie<\/td><td><strong>ab<\/strong> <strong>70 \u20ac<\/strong><\/td><\/tr><tr><td>Apikotomie der Molaren<\/td><td><strong>ab<\/strong> <strong>106 \u20ac<\/strong><\/td><\/tr><tr><td>Zystektomie<\/td><td><strong>ab<\/strong> <strong>64 \u20ac<\/strong><\/td><\/tr><tr><td>Unterkiefer-\/Oberkiefer-Knochenblock<\/td><td><strong>ab<\/strong> <strong>598 \u20ac<\/strong><\/td><\/tr><\/tbody><\/table><\/figure>\n\n\n\n<p><\/p>\n\n\n\n<h6 class=\"wp-block-heading\" id=\"zubne-krunice\">ZAHNKRONEN<\/h6>\n\n\n\n<p>Ein modernes digitales Labor in unserer Poliklinik erm\u00f6glicht es uns, Zahnkronen in Rekordzeit mit au\u00dfergew\u00f6hnlicher Pr\u00e4zision und Fertigungsqualit\u00e4t herzustellen. <a href=\"https:\/\/smile.hr\/2022\/de\/zahnkronen\/\">Erfahren Sie mehr<\/a>.<\/p>\n\n\n\n<figure class=\"wp-block-table\"><table><tbody><tr><td>Tempor\u00e4re Krone CAD\/CAM<\/td><td><strong>ab<\/strong> <strong>29 \u20ac<\/strong><\/td><\/tr><tr><td>Provisorische CAD\/CAM-Krone auf dem Implantat<\/td><td><strong>ab<\/strong> <strong>56 \u20ac<\/strong><\/td><\/tr><tr><td>Keramikkrone (nickelfreies Metall)<\/td><td><strong>ab<\/strong> <strong>214 \u20ac<\/strong><\/td><\/tr><tr><td>Keramikkrone (Zirkonoxid)<\/td><td><strong>ab<\/strong> <strong>238 \u20ac<\/strong><\/td><\/tr><tr><td>Keramikkrone (Zirkonoxid) auf dem Implantat<\/td><td><strong>ab<\/strong> <strong>250 \u20ac<\/strong><\/td><\/tr><\/tbody><\/table><\/figure>\n\n\n\n<p><\/p>\n\n\n\n<h6 class=\"wp-block-heading\" id=\"proteze\">PROTHESEN<\/h6>\n\n\n\n<p>Zahnersatz wird von unserem Zahntechnikerteam in einem modernen digitalen Labor hergestellt. <a href=\"https:\/\/smile.hr\/2022\/de\/zahnprothesen\/\">Erfahren Sie mehr<\/a>.<\/p>\n\n\n\n<figure class=\"wp-block-table\"><table><tbody><tr><td>Provisorischer Zahnersatz (Prothese)<\/td><td><strong>ab<\/strong> <strong>208 \u20ac<\/strong><\/td><\/tr><tr><td>Tempor\u00e4re Teilprothese<\/td><td><strong>ab<\/strong> <strong>94 \u20ac<\/strong><\/td><\/tr><tr><td>Endg\u00fcltige Totalprothese (Acrylat)<\/td><td><strong>ab<\/strong> <strong>358 \u20ac<\/strong><\/td><\/tr><tr><td>Skelettprothese Wironit<\/td><td><strong>ab<\/strong> <strong>412 \u20ac<\/strong><\/td><\/tr><\/tbody><\/table><\/figure>\n\n\n\n<p><\/p>\n\n\n\n<h6 class=\"wp-block-heading\" id=\"ortodoncija\">ORTHODONTIE<\/h6>\n\n\n\n<p>Mit Hilfe eines transparenten, fast unsichtbaren Aligners erreichen Sie das L\u00e4cheln, das Sie sich schon immer gew\u00fcnscht haben. <a href=\"https:\/\/smile.hr\/2022\/de\/kieferorthopadie-transparente-zahnspange\/\">Erfahren Sie mehr<\/a>.<\/p>\n\n\n\n<h3 class=\"wp-block-heading\">Invisalign<\/h3>\n\n\n\n<figure class=\"wp-block-table\"><table><tbody><tr><td>i7 (Express)<\/td><td><strong>ab<\/strong> <strong>538 \u20ac<\/strong><\/td><\/tr><tr><td>Lite<\/td><td><strong>ab<\/strong> <strong>1.018 \u20ac<\/strong><\/td><\/tr><tr><td>Full<\/td><td><strong>ab<\/strong> <strong>2.476 \u20ac<\/strong><\/td><\/tr><tr><td>Diagnoseverfahren<\/td><td><strong>ab<\/strong> <strong>328 \u20ac<\/strong><\/td><\/tr><\/tbody><\/table><\/figure>\n\n\n\n<p><\/p>\n\n\n\n<p><\/p>\n\n\n\n<h3 class=\"wp-block-heading\">ClearCorrect<\/h3>\n\n\n\n<figure class=\"wp-block-table\"><table><tbody><tr><td>ClearCorrect<\/td><td><strong>ab<\/strong> <strong>2.218 \u20ac<\/strong><\/td><\/tr><tr><td>Diagnoseverfahren<\/td><td><strong>KOSTENLOS<\/strong><\/td><\/tr><\/tbody><\/table><\/figure>\n\n\n\n<p><\/p>\n\n\n\n<h6 class=\"wp-block-heading\" id=\"paradontologija\">PARODONTOLOGIE<\/h6>\n\n\n\n<p>Gesunde Z\u00e4hne ben\u00f6tigen gesundes Zahnfleisch.<\/p>\n\n\n\n<figure class=\"wp-block-table\"><table><tbody><tr><td>K\u00fcrettage pro Zahn<\/td><td><strong>ab<\/strong> <strong>7<\/strong> <strong>\u20ac<\/strong><\/td><\/tr><tr><td>K\u00fcrettage pro Quadrant<\/td><td><strong>ab<\/strong> <strong>32<\/strong> <strong>\u20ac<\/strong><\/td><\/tr><tr><td>Rezessionsdeckung<\/td><td><strong>ab<\/strong> <strong>226<\/strong> <strong>\u20ac<\/strong><\/td><\/tr><\/tbody><\/table><\/figure>\n\n\n\n<div style=\"height:50px\" aria-hidden=\"true\" class=\"wp-block-spacer\"><\/div>\n\n\n\t\t<div data-elementor-type=\"section\" data-elementor-id=\"14879\" class=\"elementor elementor-14879 elementor-9410\" data-elementor-post-type=\"elementor_library\">\n\t\t\t\t\t<section class=\"elementor-section elementor-top-section elementor-element elementor-element-75e1fbc9 elementor-hidden-mobile elementor-section-boxed elementor-section-height-default elementor-section-height-default\" data-id=\"75e1fbc9\" data-element_type=\"section\" data-e-type=\"section\" data-settings=\"{&quot;background_background&quot;:&quot;classic&quot;}\">\n\t\t\t\t\t\t<div class=\"elementor-container elementor-column-gap-wider\">\n\t\t\t\t\t<div class=\"elementor-column elementor-col-50 elementor-top-column elementor-element elementor-element-7b8f7862\" data-id=\"7b8f7862\" data-element_type=\"column\" data-e-type=\"column\">\n\t\t\t<div class=\"elementor-widget-wrap elementor-element-populated\">\n\t\t\t\t\t\t<div class=\"elementor-element elementor-element-397f66d2 elementor-widget elementor-widget-image\" data-id=\"397f66d2\" data-element_type=\"widget\" data-e-type=\"widget\" data-widget_type=\"image.default\">\n\t\t\t\t<div class=\"elementor-widget-container\">\n\t\t\t\t\t\t\t\t\t\t\t\t\t\t\t<img fetchpriority=\"high\" decoding=\"async\" width=\"300\" height=\"300\" src=\"https:\/\/smile.hr\/2022\/wp-content\/uploads\/online-konzultacije-dr-darko-slovsa.jpg\" class=\" attachment-large size-large wp-image-10780\" alt=\"\" srcset=\"https:\/\/smile.hr\/2022\/wp-content\/uploads\/online-konzultacije-dr-darko-slovsa.jpg 300w, https:\/\/smile.hr\/2022\/wp-content\/uploads\/online-konzultacije-dr-darko-slovsa-150x150.jpg 150w\" sizes=\"(max-width: 300px) 100vw, 300px\" \/>\t\t\t\t\t\t\t\t\t\t\t\t\t\t\t<\/div>\n\t\t\t\t<\/div>\n\t\t\t\t\t<\/div>\n\t\t<\/div>\n\t\t\t\t<div class=\"elementor-column elementor-col-50 elementor-top-column elementor-element elementor-element-3f5f4de5\" data-id=\"3f5f4de5\" data-element_type=\"column\" data-e-type=\"column\">\n\t\t\t<div class=\"elementor-widget-wrap elementor-element-populated\">\n\t\t\t\t\t\t<div class=\"elementor-element elementor-element-5f15dea8 elementor-widget elementor-widget-heading\" data-id=\"5f15dea8\" data-element_type=\"widget\" data-e-type=\"widget\" data-widget_type=\"heading.default\">\n\t\t\t\t<div class=\"elementor-widget-container\">\n\t\t\t\t\t<p class=\"elementor-heading-title elementor-size-default\"><strong>ONLINE<\/strong> Beratungen<\/p>\t\t\t\t<\/div>\n\t\t\t\t<\/div>\n\t\t\t\t<div class=\"elementor-element elementor-element-6e7abb26 elementor-widget elementor-widget-text-editor\" data-id=\"6e7abb26\" data-element_type=\"widget\" data-e-type=\"widget\" data-widget_type=\"text-editor.default\">\n\t\t\t\t<div class=\"elementor-widget-container\">\n\t\t\t\t\t\t\t\t\t<p>Wenn Sie uns nicht in Opatija besuchen k\u00f6nnen und ein individuelles Gespr\u00e4ch mit Dr. Slov\u0161a w\u00fcnschen, buchen Sie gerne einen Termin f\u00fcr eine Online-Beratung. Sie erhalten konkrete Informationen und Antworten auf alle Fragen und Anliegen. Wir freuen uns, Ihnen weiterzuhelfen.<\/p>\t\t\t\t\t\t\t\t<\/div>\n\t\t\t\t<\/div>\n\t\t\t\t<div class=\"elementor-element elementor-element-44daf6c0 elementor-align-left elementor-mobile-align-left elementor-widget elementor-widget-button\" data-id=\"44daf6c0\" data-element_type=\"widget\" data-e-type=\"widget\" data-widget_type=\"button.default\">\n\t\t\t\t<div class=\"elementor-widget-container\">\n\t\t\t\t\t\t\t\t\t<div class=\"elementor-button-wrapper\">\n\t\t\t\t\t<a class=\"elementor-button elementor-button-link elementor-size-sm\" href=\"https:\/\/calendly.com\/smile_clinic\/privatna-online-video-konzultacija-sa-dr-slovsom\" target=\"_blank\" rel=\"noopener\">\n\t\t\t\t\t\t<span class=\"elementor-button-content-wrapper\">\n\t\t\t\t\t\t<span class=\"elementor-button-icon\">\n\t\t\t\t<i aria-hidden=\"true\" class=\"fas fa-laptop\"><\/i>\t\t\t<\/span>\n\t\t\t\t\t\t\t\t\t<span class=\"elementor-button-text\">Online Beratung reservieren<\/span>\n\t\t\t\t\t<\/span>\n\t\t\t\t\t<\/a>\n\t\t\t\t<\/div>\n\t\t\t\t\t\t\t\t<\/div>\n\t\t\t\t<\/div>\n\t\t\t\t\t<\/div>\n\t\t<\/div>\n\t\t\t\t\t<\/div>\n\t\t<\/section>\n\t\t\t\t<\/div>\n\t\t\n\n\n\n<h6 class=\"wp-block-heading\" id=\"estetska\">\u00c4STHETISCHE ZAHNMEDIZIN<\/h6>\n\n\n\n<p>G\u00f6nnen Sie sich das sch\u00f6ne strahlende L\u00e4cheln, das Sie verdienen. Nachfolgend finden Sie die Preisliste der zahn\u00e4rztlichen Leistungen im Bereich der \u00e4sthetischen Zahnheilkunde. Wenn Sie den Preis f\u00fcr das Verfahren, an dem Sie interessiert sind, nicht sehen, k\u00f6nnen Sie sich gerne an uns wenden.<\/p>\n\n\n\n<figure class=\"wp-block-table\"><table><tbody><tr><td>Laseraufhellung pro Kiefer<\/td><td><strong>ab<\/strong> <strong>106 \u20ac<\/strong><\/td><\/tr><tr><td>Zahnsteinreinigung<\/td><td><strong>ab<\/strong> <strong>30 \u20ac<\/strong><\/td><\/tr><tr><td>Kalkreinigung und Sandstrahlen<\/td><td><strong>ab<\/strong> <strong>47 \u20ac<\/strong><\/td><\/tr><tr><td>Polieren der Z\u00e4hne<\/td><td><strong>ab<\/strong> <strong>13 \u20ac<\/strong><\/td><\/tr><tr><td>Anwendung von Zahnschmuck<\/td><td><strong>ab<\/strong> <strong>21 \u20ac<\/strong><\/td><\/tr><tr><td>Porzellanschalen (Veneers)<\/td><td><strong>ab<\/strong> <strong>244 \u20ac<\/strong><\/td><\/tr><tr><td>Gingivektomie pro Zahn<\/td><td><strong>ab<\/strong> <strong>15 \u20ac<\/strong><\/td><\/tr><\/tbody><\/table><\/figure>\n\n\n\n<p><\/p>\n\n\n\n<h6 class=\"wp-block-heading\" id=\"estetika-lica\">GESICHTS\u00c4STHETIK<\/h6>\n\n\n\n<p>Beseitigen Sie Zeichen der Hautalterung und M\u00fcdigkeit, schenken Sie sich neue Frische.<\/p>\n\n\n\n<figure class=\"wp-block-table\"><table><tbody><tr><td>Filer Teosyal<\/td><td><strong>ab<\/strong> <strong>166 \u20ac<\/strong><\/td><\/tr><tr><td>Botox Vistabel<\/td><td><strong>ab<\/strong> <strong>160 \u20ac<\/strong><\/td><\/tr><tr><td>Mezoterapija LPCGF<\/td><td><strong>ab<\/strong> <strong>100 \u20ac<\/strong><\/td><\/tr><\/tbody><\/table><\/figure>\n\n\n\n<h6 class=\"wp-block-heading\" id=\"dijagnostika\">DIAGNOSTIK<\/h6>\n\n\n\n<p>Die Poliklinik Smile verf\u00fcgt \u00fcber hochwertigste Ger\u00e4te f\u00fcr eine detaillierte und pr\u00e4zise Diagnose.<\/p>\n\n\n\n<figure class=\"wp-block-table\"><table><tbody><tr><td>Ortopan 2D<\/td><td><strong>ab<\/strong> <strong>22 \u20ac<\/strong><\/td><\/tr><tr><td>CT 3D<\/td><td><strong>ab<\/strong> <strong>106 \u20ac<\/strong><\/td><\/tr><tr><td>RVG<\/td><td><strong>ab<\/strong> <strong>13 \u20ac<\/strong><\/td><\/tr><tr><td>Studiomodelle<\/td><td><strong>ab<\/strong> <strong>49 \u20ac<\/strong><\/td><\/tr><\/tbody><\/table><\/figure>\n\n\n\n<h6 class=\"wp-block-heading\" id=\"opca\">ALLGEMEINE ZAHNMEDIZIN<\/h6>\n\n\n\n<p>Kein Eingriff ist uns weniger wichtig, wenn es um die Gesundheit Ihrer Z\u00e4hne geht. <a href=\"https:\/\/smile.hr\/2022\/de\/allgemeine-zahnheilkunde\/\">Erfahren Sie mehr<\/a>.<\/p>\n\n\n\n<figure class=\"wp-block-table\"><table><tbody><tr><td>Einfl\u00e4chige F\u00fcllung<\/td><td><strong>ab<\/strong> <strong>27 \u20ac<\/strong><\/td><\/tr><tr><td>Zweifl\u00e4chige F\u00fcllung<\/td><td><strong>ab<\/strong> <strong>32 \u20ac<\/strong><\/td><\/tr><tr><td>Dreifl\u00e4chige F\u00fcllung<\/td><td><strong>ab<\/strong> <strong>38 \u20ac<\/strong><\/td><\/tr><tr><td>Hoch\u00e4sthetische F\u00fcllung<\/td><td><strong>ab<\/strong> <strong>44 \u20ac<\/strong><\/td><\/tr><tr><td>Zahnbehandlung (Endodontie)<\/td><td><strong>ab<\/strong> <strong>96 \u20ac<\/strong><\/td><\/tr><tr><td>Composit Post-Abutment<\/td><td><strong>ab<\/strong> <strong>70 \u20ac<\/strong><\/td><\/tr><\/tbody><\/table><\/figure>\n\n\n\n<p><\/p>\n\n\n\n<h6 class=\"wp-block-heading\" id=\"anestezija\">AN\u00c4STHESIE UND SEDIERUNG<\/h6>\n\n\n\n<p>Schmerzfreie zahn\u00e4rztliche Eingriffe sind in unserer Poliklinik absolute Regel und Standard.<\/p>\n\n\n\n<figure class=\"wp-block-table\"><table><tbody><tr><td>Lokalan\u00e4sthesie<\/td><td><strong>ab<\/strong> <strong>7 \u20ac<\/strong><\/td><\/tr><tr><td>Sedierung 1. Stunde<\/td><td><strong>ab<\/strong> <strong>166 \u20ac<\/strong><\/td><\/tr><tr><td>Sedierung jede weitere Stunde<\/td><td><strong>ab<\/strong> <strong>82 \u20ac<\/strong><\/td><\/tr><tr><td>Dienstleistung An\u00e4sthesist<\/td><td><strong>ab<\/strong> <strong>84 \u20ac<\/strong><\/td><\/tr><tr><td>Anwendung von Medikamenten<\/td><td><strong>ab<\/strong> <strong>7 \u20ac<\/strong><\/td><\/tr><\/tbody><\/table><\/figure>\n\n\n\n<p><\/p>\n\n\n\n<h6 class=\"wp-block-heading\" id=\"djecja\">P\u00c4DODONTIE (KINDERZAHNMEDIZIN)<\/h6>\n\n\n\n<p>Mit besonderer Aufmerksamkeit k\u00fcmmern wir uns um die Zahngesundheit unserer kleinsten Patienten.<\/p>\n\n\n\n<figure class=\"wp-block-table\"><table><tbody><tr><td>Extraktion eines Milchzahns<\/td><td><strong>ab<\/strong> <strong>13 \u20ac<\/strong><\/td><\/tr><tr><td>F\u00fcllung eines Milchzahns<\/td><td><strong>ab<\/strong> <strong>15 \u20ac<\/strong><\/td><\/tr><tr><td>Fissurenversiegelung<\/td><td><strong>ab<\/strong> <strong>25 \u20ac<\/strong><\/td><\/tr><\/tbody><\/table><\/figure>\n\n\n\n<h6 class=\"wp-block-heading\" id=\"naciniplacanja\"><\/h6>\n","protected":false},"excerpt":{"rendered":"<p>Wir haben unsere Preise f\u00fcr zahn\u00e4rztliche Leistungen so gestaltet, dass sie Ihnen das beste Verh\u00e4ltnis von Investition und Gewinn bieten. Unten k\u00f6nnen Sie die Preisliste der zahn\u00e4rztlichen Leistungen einsehen, die in Hauptbereiche unterteilt ist, damit Sie die genauen Preise f\u00fcr zahn\u00e4rztliche Leistungen, die Sie ben\u00f6tigen, leichter finden k\u00f6nnen. ZAHNIMPLANTATE STRAUMANN Zahnimplantate sind die optimale Methode [&hellip;]<\/p>\n","protected":false},"author":1,"featured_media":0,"parent":0,"menu_order":0,"comment_status":"closed","ping_status":"closed","template":"","meta":{"_acf_changed":false,"footnotes":""},"class_list":["post-13211","page","type-page","status-publish","hentry"],"acf":[],"_links":{"self":[{"href":"https:\/\/smile.hr\/de\/wp-json\/wp\/v2\/pages\/13211","targetHints":{"allow":["GET"]}}],"collection":[{"href":"https:\/\/smile.hr\/de\/wp-json\/wp\/v2\/pages"}],"about":[{"href":"https:\/\/smile.hr\/de\/wp-json\/wp\/v2\/types\/page"}],"author":[{"embeddable":true,"href":"https:\/\/smile.hr\/de\/wp-json\/wp\/v2\/users\/1"}],"replies":[{"embeddable":true,"href":"https:\/\/smile.hr\/de\/wp-json\/wp\/v2\/comments?post=13211"}],"version-history":[{"count":6,"href":"https:\/\/smile.hr\/de\/wp-json\/wp\/v2\/pages\/13211\/revisions"}],"predecessor-version":[{"id":25156,"href":"https:\/\/smile.hr\/de\/wp-json\/wp\/v2\/pages\/13211\/revisions\/25156"}],"wp:attachment":[{"href":"https:\/\/smile.hr\/de\/wp-json\/wp\/v2\/media?parent=13211"}],"curies":[{"name":"wp","href":"https:\/\/api.w.org\/{rel}","templated":true}]}}